{"id":1331,"date":"2025-11-17T19:42:26","date_gmt":"2025-11-17T18:42:26","guid":{"rendered":"https:\/\/ecsiskola.hu\/web\/?page_id=1331"},"modified":"2025-11-17T14:56:12","modified_gmt":"2025-11-17T13:56:12","slug":"vezos-osztalyok-2025-2026","status":"publish","type":"page","link":"https:\/\/ecsiskola.hu\/web\/vegzos-tanuloink\/vezos-osztalyok-2025-2026\/","title":{"rendered":"V\u00e9z\u0151s oszt\u00e1lyok 2025\/2026"},"content":{"rendered":"<p style=\"text-align: center;\"><span style=\"font-size: 14pt;\"><strong>2025\/2026<\/strong><\/span><\/p>\n<p style=\"text-align: center;\"><span style=\"font-size: 14pt;\"><strong>8.a. oszt\u00e1ly<\/strong><\/span><\/p>\n<p style=\"text-align: center;\"><strong>Oszt\u00e1lyf\u0151n\u00f6k: Tak\u00e1csn\u00e9 Szab\u00f3 Bernadett<\/strong><\/p>\n<p style=\"text-align: center;\">1. B\u00edr\u00f3 Andr\u00e1s Bendeg\u00faz<\/p>\n<p style=\"text-align: center;\">2. Buck\u00f3 Botond<\/p>\n<p style=\"text-align: center;\">3. Cserh\u00e1ti Tam\u00e1s Junior<\/p>\n<p style=\"text-align: center;\">4. Farkas Boliv\u00e1r<\/p>\n<p style=\"text-align: center;\">5. F\u00e1y Zs\u00f3fia Julianna<\/p>\n<p style=\"text-align: center;\">6. Gy\u0151ri D\u00e1vid Attila<\/p>\n<p style=\"text-align: center;\">7. Horv\u00e1th L\u00e9na<\/p>\n<p style=\"text-align: center;\">8. Kov\u00e1cs Kadosa<\/p>\n<p style=\"text-align: center;\">9. Laposa Alexandra<\/p>\n<p style=\"text-align: center;\">10. M\u00e1t\u00e9 Vivien<\/p>\n<p style=\"text-align: center;\">11. Miletics Hanna<\/p>\n<p style=\"text-align: center;\">12. Nagy Mikl\u00f3s M\u00e1t\u00e9<\/p>\n<p style=\"text-align: center;\">13. N\u00e9meth Reg\u0151 Andr\u00e1s<\/p>\n<p style=\"text-align: center;\">14. Ny\u0151g\u00e9r Vivien<\/p>\n<p style=\"text-align: center;\">15.Rig\u00f3 Zs\u00f3fia<\/p>\n<p style=\"text-align: center;\">16. Roncz D\u00e1vid<\/p>\n<p style=\"text-align: center;\">17. Sarkadi Emese<\/p>\n<p>\u00a0 \u00a0 \u00a0 \u00a0 \u00a0 \u00a0 \u00a0 \u00a0 \u00a0 \u00a0 \u00a0 \u00a0 \u00a0 \u00a0 \u00a0 \u00a0 \u00a0 \u00a0 \u00a0 \u00a0 \u00a0 \u00a0 \u00a0 \u00a0 \u00a0 \u00a0 \u00a0 \u00a0 \u00a0 \u00a0 \u00a0 \u00a0 \u00a0 \u00a0 \u00a0 \u00a0 \u00a0 \u00a0 \u00a0 \u00a0 \u00a0 \u00a0 \u00a0 \u00a0 \u00a0 \u00a0 \u00a0 \u00a0 \u00a0 \u00a0 \u00a0 \u00a0 \u00a0 \u00a0 \u00a0 \u00a0 \u00a0 \u00a0 \u00a0 \u00a0 \u00a0 \u00a0 \u00a0 \u00a0 18. Sarkady Aur\u00e9l<\/p>\n<p style=\"text-align: center;\">19. Sz\u00fccs Matthew<\/p>\n<p style=\"text-align: center;\">20. Tak\u00e1cs M\u00e1t\u00e9<\/p>\n<p style=\"text-align: center;\">21. Varga Levente<\/p>\n<p>&nbsp;<\/p>\n<p>&nbsp;<\/p>\n<p>&nbsp;<\/p>\n<p style=\"text-align: center;\"><strong><span style=\"font-size: 14pt;\">2025\/2026<\/span><\/strong><\/p>\n<p style=\"text-align: center;\"><strong><span style=\"font-size: 14pt;\">8.b. oszt\u00e1ly<\/span><\/strong><\/p>\n<p style=\"text-align: center;\"><strong>Oszt\u00e1lyf\u0151n\u00f6k: Szab\u00f3n\u00e9 Pacsai Ilona<\/strong><\/p>\n<p style=\"text-align: center;\">1. Balogh Zolt\u00e1n<\/p>\n<p style=\"text-align: center;\">2. Bors Nimr\u00f3d<\/p>\n<p style=\"text-align: center;\">3. Fekete N\u00f3ra<\/p>\n<p style=\"text-align: center;\">4. Hal\u00e1sz Karolina<\/p>\n<p style=\"text-align: center;\">5. H\u00e1hn Fl\u00f3ri\u00e1n<\/p>\n<p style=\"text-align: center;\">6. Hutv\u00e1gner Borb\u00e1la<\/p>\n<p style=\"text-align: center;\">7. J\u00e1ger N\u00f3ra<\/p>\n<p style=\"text-align: center;\">8. Kalm\u00e1r B\u00e1lint<\/p>\n<p style=\"text-align: center;\">9. L\u00e1z\u00e1r Ern\u0151 Kriszti\u00e1n<\/p>\n<p style=\"text-align: center;\">10. Morvai Lajos<\/p>\n<p style=\"text-align: center;\">11. Nagy Hanna<\/p>\n<p style=\"text-align: center;\">12. Nagy Visztricz Konr\u00e1d<\/p>\n<p style=\"text-align: center;\">13. P\u00e1lfi Ram\u00f3na<\/p>\n<p style=\"text-align: center;\">14. Surm Bal\u00e1zs<\/p>\n<p style=\"text-align: center;\">15. Szab\u00f3 Kriszti\u00e1n<\/p>\n<p style=\"text-align: center;\">16. T\u00f3th Szonja<\/p>\n<p>\u00a0 \u00a0 \u00a0 \u00a0 \u00a0 \u00a0 \u00a0 \u00a0 \u00a0 \u00a0 \u00a0 \u00a0 \u00a0 \u00a0 \u00a0 \u00a0 \u00a0 \u00a0 \u00a0 \u00a0 \u00a0 \u00a0 \u00a0 \u00a0 \u00a0 \u00a0 \u00a0 \u00a0 \u00a0 \u00a0 \u00a0 \u00a0 \u00a0 \u00a0 \u00a0 \u00a0 \u00a0 \u00a0 \u00a0 \u00a0 \u00a0 \u00a0 \u00a0 \u00a0 \u00a0 \u00a0 \u00a0 \u00a0 \u00a0 \u00a0 \u00a0 \u00a0 \u00a0 \u00a0 \u00a0 \u00a0 \u00a0 \u00a0 \u00a0 \u00a0 \u00a0 \u00a0 \u00a0 \u00a017. Tudor Tibor<\/p>\n<p style=\"text-align: center;\">18. Vas R\u00e9ka<\/p>\n","protected":false},"excerpt":{"rendered":"<p>2025\/2026 8.a. oszt\u00e1ly Oszt\u00e1lyf\u0151n\u00f6k: Tak\u00e1csn\u00e9 Szab\u00f3 Bernadett 1. B\u00edr\u00f3 Andr\u00e1s Bendeg\u00faz 2. Buck\u00f3 Botond 3. Cserh\u00e1ti Tam\u00e1s Junior 4. Farkas Boliv\u00e1r 5. F\u00e1y Zs\u00f3fia Julianna 6. Gy\u0151ri D\u00e1vid Attila 7. Horv\u00e1th L\u00e9na 8. Kov\u00e1cs Kadosa 9. Laposa Alexandra 10. M\u00e1t\u00e9 [&hellip;]<\/p>\n","protected":false},"author":2,"featured_media":0,"parent":90,"menu_order":0,"comment_status":"closed","ping_status":"closed","template":"","meta":{"ngg_post_thumbnail":0,"footnotes":""},"_links":{"self":[{"href":"https:\/\/ecsiskola.hu\/web\/wp-json\/wp\/v2\/pages\/1331"}],"collection":[{"href":"https:\/\/ecsiskola.hu\/web\/wp-json\/wp\/v2\/pages"}],"about":[{"href":"https:\/\/ecsiskola.hu\/web\/wp-json\/wp\/v2\/types\/page"}],"author":[{"embeddable":true,"href":"https:\/\/ecsiskola.hu\/web\/wp-json\/wp\/v2\/users\/2"}],"replies":[{"embeddable":true,"href":"https:\/\/ecsiskola.hu\/web\/wp-json\/wp\/v2\/comments?post=1331"}],"version-history":[{"count":4,"href":"https:\/\/ecsiskola.hu\/web\/wp-json\/wp\/v2\/pages\/1331\/revisions"}],"predecessor-version":[{"id":1337,"href":"https:\/\/ecsiskola.hu\/web\/wp-json\/wp\/v2\/pages\/1331\/revisions\/1337"}],"up":[{"embeddable":true,"href":"https:\/\/ecsiskola.hu\/web\/wp-json\/wp\/v2\/pages\/90"}],"wp:attachment":[{"href":"https:\/\/ecsiskola.hu\/web\/wp-json\/wp\/v2\/media?parent=1331"}],"curies":[{"name":"wp","href":"https:\/\/api.w.org\/{rel}","templated":true}]}}