{"id":150,"date":"2024-01-17T19:21:25","date_gmt":"2024-01-17T18:21:25","guid":{"rendered":"https:\/\/ecsiskola.hu\/web\/?page_id=150"},"modified":"2024-12-18T15:11:00","modified_gmt":"2024-12-18T14:11:00","slug":"okoiskola-dokumentumok","status":"publish","type":"page","link":"https:\/\/ecsiskola.hu\/web\/okoiskola-dokumentumok\/","title":{"rendered":"\u00d6koiskola dokumentumok"},"content":{"rendered":"<ul>\n<li><a href=\"https:\/\/ecsiskola.hu\/web\/wp-content\/uploads\/2024\/12\/OKO-MUNKATERV-2024.pdf\">\u00d6KO MUNKATERV 2024<\/a><\/li>\n<li><a href=\"https:\/\/ecsiskola.hu\/web\/wp-content\/uploads\/2024\/12\/OKO-ISKOLAI-beszamolo-2024.pdf\">\u00d6KO-ISKOLAI besz\u00e1mol\u00f3 2024<\/a><\/li>\n<li><a href=\"https:\/\/ecsiskola.hu\/web\/wp-content\/uploads\/2024\/12\/OKOISKOLAI-BESZAMOLO-2023-1.docx\">\u00d6KOISKOLAI BESZ\u00c1MOL\u00d3 2023 (1)<\/a><\/li>\n<li><a href=\"https:\/\/ecsiskola.hu\/web\/wp-content\/uploads\/2024\/02\/OKO.Munkaterv_-2018-19.pdf\">OKO.Munkaterv_ 2018-19<\/a><\/li>\n<li><a href=\"https:\/\/ecsiskola.hu\/web\/wp-content\/uploads\/2024\/02\/Oko.Mukaterv_2017-18.pdf\">Oko.Mukaterv_2017-18<\/a><\/li>\n<li><a href=\"https:\/\/ecsiskola.hu\/web\/wp-content\/uploads\/2024\/02\/OKO-munkaterv-Ravazd-2023-2024.doc\">\u00d6KO munkaterv Ravazd 2023-2024<\/a><\/li>\n<li><a href=\"https:\/\/ecsiskola.hu\/web\/wp-content\/uploads\/2024\/02\/OKO-beszamolo-Ravazd-2022-2023.docx\">\u00d6KO besz\u00e1mol\u00f3 Ravazd 2022-2023<\/a><\/li>\n<li><a href=\"https:\/\/ecsiskola.hu\/web\/wp-content\/uploads\/2024\/02\/OKO-munkaterv-Ravazd-2022-2023.doc\">\u00d6KO munkaterv Ravazd 2022-2023<\/a><\/li>\n<li><a href=\"https:\/\/ecsiskola.hu\/web\/wp-content\/uploads\/2024\/02\/OKO-MUNKATERV-2021-2.pdf\">\u00d6KO MUNKATERV 2021 \u00c9cs<\/a><\/li>\n<li><a href=\"https:\/\/ecsiskola.hu\/web\/wp-content\/uploads\/2024\/02\/OKO-MUNKATERV-2023-1.doc\">\u00d6KO MUNKATERV 2023 \u00c9cs<\/a><\/li>\n<li><a href=\"https:\/\/ecsiskola.hu\/web\/wp-content\/uploads\/2024\/02\/OKO-MUNKATERV-2022-2.doc\">\u00d6KO MUNKATERV<\/a><a href=\"https:\/\/ecsiskola.hu\/web\/wp-content\/uploads\/2024\/02\/OKO-MUNKATERV-2022-2.doc\"> 2022<\/a> \u00c9cs<\/li>\n<li><a href=\"https:\/\/www.ecsiskola.hu\/dokumentumok\/Okoiskola\/Dokumentumok\/20210430_Beszamola.2020.pdf\" target=\"_blank\" rel=\"noopener\">Besz\u00e1mol\u00f3 2020.<\/a><\/li>\n<li><a href=\"https:\/\/www.ecsiskola.hu\/dokumentumok\/Okoiskola\/Dokumentumok\/20210430_Feladatellatasi.Terv.2020-21.pdf\" target=\"_blank\" rel=\"noopener\">Feladatell\u00e1t\u00e1si terv 2020\/2021. tan\u00e9v<\/a><\/li>\n<li><a href=\"https:\/\/www.ecsiskola.hu\/dokumentumok\/Okoiskola\/Dokumentumok\/20210430_Munkaterv_2020-2021.Tanev.pdf\" target=\"_blank\" rel=\"noopener\">Munkaterv 2020\/2021. tan\u00e9v<\/a><\/li>\n<li><a href=\"https:\/\/www.ecsiskola.hu\/dokumentumok\/Okoiskola\/Dokumentumok\/20210430_OKO.Munkaterv.2020.pdf\" target=\"_blank\" rel=\"noopener\">\u00d6koiskola munkaterve 2020\/2021. tan\u00e9v<\/a><\/li>\n<li><a href=\"https:\/\/www.ecsiskola.hu\/dokumentumok\/Okoiskola\/Dokumentumok\/20210430_OKO.Munkaterv.2020%20Ravazd.pdf\" target=\"_blank\" rel=\"noopener\">Tagint\u00e9zm\u00e9ny munkaterve 2020\/2021. tan\u00e9v<\/a><\/li>\n<\/ul>\n","protected":false},"excerpt":{"rendered":"<p>\u00d6KO MUNKATERV 2024 \u00d6KO-ISKOLAI besz\u00e1mol\u00f3 2024 \u00d6KOISKOLAI BESZ\u00c1MOL\u00d3 2023 (1) OKO.Munkaterv_ 2018-19 Oko.Mukaterv_2017-18 \u00d6KO munkaterv Ravazd 2023-2024 \u00d6KO besz\u00e1mol\u00f3 Ravazd 2022-2023 \u00d6KO munkaterv Ravazd 2022-2023 \u00d6KO MUNKATERV 2021 \u00c9cs \u00d6KO MUNKATERV 2023 \u00c9cs \u00d6KO MUNKATERV 2022 \u00c9cs Besz\u00e1mol\u00f3 2020. Feladatell\u00e1t\u00e1si [&hellip;]<\/p>\n","protected":false},"author":1,"featured_media":0,"parent":0,"menu_order":0,"comment_status":"closed","ping_status":"closed","template":"","meta":{"ngg_post_thumbnail":0,"footnotes":""},"_links":{"self":[{"href":"https:\/\/ecsiskola.hu\/web\/wp-json\/wp\/v2\/pages\/150"}],"collection":[{"href":"https:\/\/ecsiskola.hu\/web\/wp-json\/wp\/v2\/pages"}],"about":[{"href":"https:\/\/ecsiskola.hu\/web\/wp-json\/wp\/v2\/types\/page"}],"author":[{"embeddable":true,"href":"https:\/\/ecsiskola.hu\/web\/wp-json\/wp\/v2\/users\/1"}],"replies":[{"embeddable":true,"href":"https:\/\/ecsiskola.hu\/web\/wp-json\/wp\/v2\/comments?post=150"}],"version-history":[{"count":11,"href":"https:\/\/ecsiskola.hu\/web\/wp-json\/wp\/v2\/pages\/150\/revisions"}],"predecessor-version":[{"id":569,"href":"https:\/\/ecsiskola.hu\/web\/wp-json\/wp\/v2\/pages\/150\/revisions\/569"}],"wp:attachment":[{"href":"https:\/\/ecsiskola.hu\/web\/wp-json\/wp\/v2\/media?parent=150"}],"curies":[{"name":"wp","href":"https:\/\/api.w.org\/{rel}","templated":true}]}}