{"id":155,"date":"2024-01-17T19:29:52","date_gmt":"2024-01-17T18:29:52","guid":{"rendered":"https:\/\/ecsiskola.hu\/web\/?page_id=155"},"modified":"2024-12-20T11:33:16","modified_gmt":"2024-12-20T10:33:16","slug":"aktualis","status":"publish","type":"page","link":"https:\/\/ecsiskola.hu\/web\/aktualis\/","title":{"rendered":"Aktu\u00e1lis"},"content":{"rendered":"<h3><\/h3>\n<h3><\/h3>\n<p>&nbsp;<\/p>\n<h3>F\u00f6ld Napja<\/h3>\n<p><img loading=\"lazy\" decoding=\"async\" class=\"alignnone wp-image-105 size-full\" src=\"https:\/\/ecsiskola.hu\/web\/wp-content\/uploads\/2024\/01\/Fold.Napja_.jpg\" alt=\"\" width=\"605\" height=\"253\" srcset=\"https:\/\/ecsiskola.hu\/web\/wp-content\/uploads\/2024\/01\/Fold.Napja_.jpg 605w, https:\/\/ecsiskola.hu\/web\/wp-content\/uploads\/2024\/01\/Fold.Napja_-300x125.jpg 300w\" sizes=\"(max-width: 605px) 100vw, 605px\" \/><\/p>\n<p>\u00c1prilis 22-\u00e9n \u00fcnnepelt\u00fck a F\u00f6ld napj\u00e1t!<\/p>\n<p><a href=\"https:\/\/www.ecsiskola.hu\/iskola\/images\/stories\/dokumentumok\/Okoiskola\/Fold.Napja\/20210430_Fold.Napja.pdf\" target=\"_blank\" rel=\"noopener\">Besz\u00e1mol\u00f3 az esem\u00e9nyr\u0151l<\/a><br \/>\n<a href=\"https:\/\/ecsiskola.hu\/web\/fold-napja-kepgaleria\/\" target=\"_blank\" rel=\"noopener\">K\u00e9pgal\u00e9ria<\/a><\/p>\n<hr \/>\n<p><strong>Madarak \u00e9s f\u00e1k napja<\/strong><\/p>\n<p><img loading=\"lazy\" decoding=\"async\" class=\"alignnone wp-image-156 size-full\" src=\"https:\/\/ecsiskola.hu\/web\/wp-content\/uploads\/2024\/01\/20210526_Madarak.Fak_.Napja_-1.jpg\" alt=\"\" width=\"605\" height=\"340\" srcset=\"https:\/\/ecsiskola.hu\/web\/wp-content\/uploads\/2024\/01\/20210526_Madarak.Fak_.Napja_-1.jpg 605w, https:\/\/ecsiskola.hu\/web\/wp-content\/uploads\/2024\/01\/20210526_Madarak.Fak_.Napja_-1-300x169.jpg 300w\" sizes=\"(max-width: 605px) 100vw, 605px\" \/><\/p>\n<p><a href=\"https:\/\/www.ecsiskola.hu\/iskola\/images\/stories\/dokumentumok\/Okoiskola\/20210526_Madarak.Fak.Napja_2021.pd\" target=\"_blank\" rel=\"noopener\">Besz\u00e1mol\u00f3 a Madarak \u00e9s f\u00e1k napj\u00e1r\u00f3l<\/a><br \/>\n<a href=\"https:\/\/ecsiskola.hu\/web\/madarak-es-fak-napja-galeria\/\" target=\"_blank\" rel=\"noopener\">K\u00e9pgal\u00e9ria<\/a><\/p>\n","protected":false},"excerpt":{"rendered":"<p>&nbsp; F\u00f6ld Napja \u00c1prilis 22-\u00e9n \u00fcnnepelt\u00fck a F\u00f6ld napj\u00e1t! Besz\u00e1mol\u00f3 az esem\u00e9nyr\u0151l K\u00e9pgal\u00e9ria Madarak \u00e9s f\u00e1k napja Besz\u00e1mol\u00f3 a Madarak \u00e9s f\u00e1k napj\u00e1r\u00f3l K\u00e9pgal\u00e9ria<\/p>\n","protected":false},"author":1,"featured_media":0,"parent":0,"menu_order":0,"comment_status":"closed","ping_status":"closed","template":"","meta":{"ngg_post_thumbnail":0,"footnotes":""},"_links":{"self":[{"href":"https:\/\/ecsiskola.hu\/web\/wp-json\/wp\/v2\/pages\/155"}],"collection":[{"href":"https:\/\/ecsiskola.hu\/web\/wp-json\/wp\/v2\/pages"}],"about":[{"href":"https:\/\/ecsiskola.hu\/web\/wp-json\/wp\/v2\/types\/page"}],"author":[{"embeddable":true,"href":"https:\/\/ecsiskola.hu\/web\/wp-json\/wp\/v2\/users\/1"}],"replies":[{"embeddable":true,"href":"https:\/\/ecsiskola.hu\/web\/wp-json\/wp\/v2\/comments?post=155"}],"version-history":[{"count":10,"href":"https:\/\/ecsiskola.hu\/web\/wp-json\/wp\/v2\/pages\/155\/revisions"}],"predecessor-version":[{"id":1002,"href":"https:\/\/ecsiskola.hu\/web\/wp-json\/wp\/v2\/pages\/155\/revisions\/1002"}],"wp:attachment":[{"href":"https:\/\/ecsiskola.hu\/web\/wp-json\/wp\/v2\/media?parent=155"}],"curies":[{"name":"wp","href":"https:\/\/api.w.org\/{rel}","templated":true}]}}