{"id":201,"date":"2024-01-18T17:34:49","date_gmt":"2024-01-18T16:34:49","guid":{"rendered":"https:\/\/ecsiskola.hu\/web\/?page_id=201"},"modified":"2024-01-18T18:24:48","modified_gmt":"2024-01-18T17:24:48","slug":"vegzos-osztalyok-2022-2023","status":"publish","type":"page","link":"https:\/\/ecsiskola.hu\/web\/vegzos-osztalyok-2022-2023\/","title":{"rendered":"V\u00e9gz\u0151s oszt\u00e1lyok 2022\/2023"},"content":{"rendered":"<h2 style=\"text-align: center;\"><strong>2022\/2023<\/strong><\/h2>\n<p style=\"text-align: center;\"><strong>8.a. oszt\u00e1ly<\/strong><\/p>\n<p style=\"text-align: center;\"><strong>Oszt\u00e1lyf\u0151n\u00f6k:<\/strong> Sipeky \u00c9va Katalin<\/p>\n<p style=\"text-align: center;\">1. Amrhyn N\u00f3ra L\u00edvia<br \/>\n2. Andorka Lara<br \/>\n3. Balog Anaszt\u00e1zia Zsaklin<br \/>\n4. Bir\u00f3 Torda Levente<br \/>\n5. Farkas Fanni<br \/>\n6. Galler D\u00f3ra<br \/>\n7. Iby Katalin<br \/>\n8. Karancsi Levente<br \/>\n9. Klein Krist\u00f3f<br \/>\n10. Komondi Kincs\u0151 Mira<br \/>\n11. Kov\u00e1cs Dominik<br \/>\n12. K\u00f6rmendi Nimr\u00f3d<br \/>\n13. Kulcs\u00e1r Mil\u00e1n<br \/>\n14. Lendvai Krist\u00f3f<br \/>\n15. P\u00e9ter Vikt\u00f3ria<br \/>\n16. Sebesty\u00e9n Linett<br \/>\n17. Walla Bal\u00e1zs<\/p>\n<hr>\n<p><img loading=\"lazy\" decoding=\"async\" class=\"size-large wp-image-202 aligncenter\" src=\"https:\/\/ecsiskola.hu\/web\/wp-content\/uploads\/2024\/01\/20231029_121049-1024x731.jpg\" alt=\"\" width=\"680\" height=\"485\" srcset=\"https:\/\/ecsiskola.hu\/web\/wp-content\/uploads\/2024\/01\/20231029_121049-1024x731.jpg 1024w, https:\/\/ecsiskola.hu\/web\/wp-content\/uploads\/2024\/01\/20231029_121049-300x214.jpg 300w, https:\/\/ecsiskola.hu\/web\/wp-content\/uploads\/2024\/01\/20231029_121049-768x548.jpg 768w, https:\/\/ecsiskola.hu\/web\/wp-content\/uploads\/2024\/01\/20231029_121049.jpg 1435w\" sizes=\"(max-width: 680px) 100vw, 680px\" \/><\/p>\n<p style=\"text-align: center;\"><strong>8.b. oszt\u00e1ly<\/strong><\/p>\n<p style=\"text-align: center;\"><strong>Oszt\u00e1lyf\u0151n\u00f6k:<\/strong> Pusztain\u00e9 Moln\u00e1r Judit<\/p>\n<p style=\"text-align: center;\">1. Benyes S\u00e1ra<br \/>\n2. Bozsoki Bence<br \/>\n3. Czigler B\u00e1lint<br \/>\n4. Czigler Kriszti\u00e1n<br \/>\n5. Czigler Norina M\u00e1lna<br \/>\n6. Cserteg Veronika<br \/>\n7. Horv\u00e1th Oliv\u00e9r<br \/>\n8. Horv\u00e1th-Lengyel Gerg\u0151<br \/>\n9. Karancsi M\u00e1rton<br \/>\n10. Kov\u00e1cs-Szalai S\u00e1ra<br \/>\n11. Morvai Bogl\u00e1rka<br \/>\n12. Nagy Zsuzsanna<br \/>\n13. Nagy-Sz\u00e9kely \u00c9va<br \/>\n14. P\u00e9ter Regina<br \/>\n15. Szalontai Krist\u00f3f Kriszti\u00e1n<br \/>\n16. T\u00f3th Borb\u00e1la<br \/>\n17. Vas Mil\u00e1n<br \/>\n18. Veszelka M\u00e1rton<\/p>\n","protected":false},"excerpt":{"rendered":"<p>2022\/2023 8.a. oszt\u00e1ly Oszt\u00e1lyf\u0151n\u00f6k: Sipeky \u00c9va Katalin 1. Amrhyn N\u00f3ra L\u00edvia 2. Andorka Lara 3. Balog Anaszt\u00e1zia Zsaklin 4. Bir\u00f3 Torda Levente 5. Farkas Fanni 6. Galler D\u00f3ra 7. Iby Katalin 8. Karancsi Levente 9. Klein Krist\u00f3f 10. Komondi Kincs\u0151 [&hellip;]<\/p>\n","protected":false},"author":1,"featured_media":0,"parent":0,"menu_order":0,"comment_status":"closed","ping_status":"closed","template":"","meta":{"ngg_post_thumbnail":0,"footnotes":""},"_links":{"self":[{"href":"https:\/\/ecsiskola.hu\/web\/wp-json\/wp\/v2\/pages\/201"}],"collection":[{"href":"https:\/\/ecsiskola.hu\/web\/wp-json\/wp\/v2\/pages"}],"about":[{"href":"https:\/\/ecsiskola.hu\/web\/wp-json\/wp\/v2\/types\/page"}],"author":[{"embeddable":true,"href":"https:\/\/ecsiskola.hu\/web\/wp-json\/wp\/v2\/users\/1"}],"replies":[{"embeddable":true,"href":"https:\/\/ecsiskola.hu\/web\/wp-json\/wp\/v2\/comments?post=201"}],"version-history":[{"count":3,"href":"https:\/\/ecsiskola.hu\/web\/wp-json\/wp\/v2\/pages\/201\/revisions"}],"predecessor-version":[{"id":255,"href":"https:\/\/ecsiskola.hu\/web\/wp-json\/wp\/v2\/pages\/201\/revisions\/255"}],"wp:attachment":[{"href":"https:\/\/ecsiskola.hu\/web\/wp-json\/wp\/v2\/media?parent=201"}],"curies":[{"name":"wp","href":"https:\/\/api.w.org\/{rel}","templated":true}]}}