{"id":224,"date":"2024-01-18T17:39:53","date_gmt":"2024-01-18T16:39:53","guid":{"rendered":"https:\/\/ecsiskola.hu\/web\/?page_id=224"},"modified":"2024-01-18T18:32:53","modified_gmt":"2024-01-18T17:32:53","slug":"vegzos-osztalyok-2021-2022","status":"publish","type":"page","link":"https:\/\/ecsiskola.hu\/web\/vegzos-osztalyok-2021-2022\/","title":{"rendered":"V\u00e9gz\u0151s oszt\u00e1lyok 2021\/2022"},"content":{"rendered":"<h2 style=\"text-align: center;\">2021\/2022<\/h2>\n<h2 style=\"text-align: center;\"><img loading=\"lazy\" decoding=\"async\" class=\"alignnone size-full wp-image-221\" src=\"https:\/\/ecsiskola.hu\/web\/wp-content\/uploads\/2024\/01\/2021-2022.a.jpg\" alt=\"\" width=\"1024\" height=\"699\" srcset=\"https:\/\/ecsiskola.hu\/web\/wp-content\/uploads\/2024\/01\/2021-2022.a.jpg 1024w, https:\/\/ecsiskola.hu\/web\/wp-content\/uploads\/2024\/01\/2021-2022.a-300x205.jpg 300w, https:\/\/ecsiskola.hu\/web\/wp-content\/uploads\/2024\/01\/2021-2022.a-768x524.jpg 768w\" sizes=\"(max-width: 1024px) 100vw, 1024px\" \/><\/h2>\n<p style=\"text-align: center;\"><strong> 8.a. oszt\u00e1ly<\/strong><\/p>\n<p style=\"text-align: center;\"><strong>Oszt\u00e1lyf\u0151n\u00f6k:<\/strong> Szab\u00f3n\u00e9 Pacsai Ilona<\/p>\n<p style=\"text-align: center;\">1. Fut\u00f3 Eszter Vir\u00e1g<br \/>\n2. Gy\u0171r\u0171 J\u00falia<br \/>\n3. Hajdufi L\u00e9na<br \/>\n4. Horv\u00e1th Napsug\u00e1r Lili<br \/>\n5. J\u00f3zan Patrik<br \/>\n6. K\u0151r\u00f6si Bogl\u00e1rka<br \/>\n7. Krajcz\u00e1r Kitti<br \/>\n8. Mikl\u00f3s Eli\u00e1na<br \/>\n9. Nagy B\u00e1lint<br \/>\n10. Nagy R\u00f3me\u00f3<br \/>\n11. N\u00e9meth B\u00e1lint<br \/>\n12. N\u00e9meth Banab\u00e1s<br \/>\n13. Petrovicz Oliv\u00e9r<br \/>\n14. Sarkadi Em\u0151ke<br \/>\n15. Szatm\u00e1ri S\u00e1ra<br \/>\n16. Szita Adri\u00e1n<br \/>\n17. Sz\u0171cs Levente<\/p>\n<hr>\n<h2 style=\"text-align: center;\"><img loading=\"lazy\" decoding=\"async\" class=\"alignnone size-large wp-image-222\" src=\"https:\/\/ecsiskola.hu\/web\/wp-content\/uploads\/2024\/01\/2021-2022_.b-1024x657.jpg\" alt=\"\" width=\"680\" height=\"436\" srcset=\"https:\/\/ecsiskola.hu\/web\/wp-content\/uploads\/2024\/01\/2021-2022_.b-1024x657.jpg 1024w, https:\/\/ecsiskola.hu\/web\/wp-content\/uploads\/2024\/01\/2021-2022_.b-300x193.jpg 300w, https:\/\/ecsiskola.hu\/web\/wp-content\/uploads\/2024\/01\/2021-2022_.b-768x493.jpg 768w, https:\/\/ecsiskola.hu\/web\/wp-content\/uploads\/2024\/01\/2021-2022_.b.jpg 1200w\" sizes=\"(max-width: 680px) 100vw, 680px\" \/><\/h2>\n<p style=\"text-align: center;\"><strong>8.b. oszt\u00e1ly<\/strong><\/p>\n<p style=\"text-align: center;\"><strong>Oszt\u00e1lyf\u0151n\u00f6k:<\/strong> Tak\u00e1csn\u00e9 Szab\u00f3 Bernadett<\/p>\n<p style=\"text-align: center;\">1. Amrhyn Rebeka J\u00falia<br \/>\n2. Berki \u00c1d\u00e1m<br \/>\n3. Boros Kl\u00e1ra<br \/>\n4. Fut\u00f3 Bence<br \/>\n5. Horv\u00e1th Rubina<br \/>\n6. Hutv\u00e1gner N\u00e1ndor<br \/>\n7. Kaitar R\u00f3bert<br \/>\n8. Kerekes Kartal<br \/>\n9. Kov\u00e1cs Bendeg\u00faz<br \/>\n10. Kov\u00e1cs Luca Anna<br \/>\n11. L\u00e1nyi Dori\u00e1n<br \/>\n12. Lidvin Gerg\u0151<br \/>\n13. Nagy P\u00e9ter<br \/>\n14. Nagy Rebeka Szilvia<br \/>\n15. Schreyer Nikolett<br \/>\n16. Szab\u00f3 Szonja<br \/>\n17. Szalai Veronika<br \/>\n18. T\u00f3th R\u00e9ka S\u00e1ra<\/p>\n","protected":false},"excerpt":{"rendered":"<p>2021\/2022 8.a. oszt\u00e1ly Oszt\u00e1lyf\u0151n\u00f6k: Szab\u00f3n\u00e9 Pacsai Ilona 1. Fut\u00f3 Eszter Vir\u00e1g 2. Gy\u0171r\u0171 J\u00falia 3. Hajdufi L\u00e9na 4. Horv\u00e1th Napsug\u00e1r Lili 5. J\u00f3zan Patrik 6. K\u0151r\u00f6si Bogl\u00e1rka 7. Krajcz\u00e1r Kitti 8. Mikl\u00f3s Eli\u00e1na 9. Nagy B\u00e1lint 10. Nagy R\u00f3me\u00f3 11. [&hellip;]<\/p>\n","protected":false},"author":1,"featured_media":0,"parent":0,"menu_order":0,"comment_status":"closed","ping_status":"closed","template":"","meta":{"ngg_post_thumbnail":0,"footnotes":""},"_links":{"self":[{"href":"https:\/\/ecsiskola.hu\/web\/wp-json\/wp\/v2\/pages\/224"}],"collection":[{"href":"https:\/\/ecsiskola.hu\/web\/wp-json\/wp\/v2\/pages"}],"about":[{"href":"https:\/\/ecsiskola.hu\/web\/wp-json\/wp\/v2\/types\/page"}],"author":[{"embeddable":true,"href":"https:\/\/ecsiskola.hu\/web\/wp-json\/wp\/v2\/users\/1"}],"replies":[{"embeddable":true,"href":"https:\/\/ecsiskola.hu\/web\/wp-json\/wp\/v2\/comments?post=224"}],"version-history":[{"count":2,"href":"https:\/\/ecsiskola.hu\/web\/wp-json\/wp\/v2\/pages\/224\/revisions"}],"predecessor-version":[{"id":258,"href":"https:\/\/ecsiskola.hu\/web\/wp-json\/wp\/v2\/pages\/224\/revisions\/258"}],"wp:attachment":[{"href":"https:\/\/ecsiskola.hu\/web\/wp-json\/wp\/v2\/media?parent=224"}],"curies":[{"name":"wp","href":"https:\/\/api.w.org\/{rel}","templated":true}]}}