{"id":228,"date":"2024-01-18T17:45:08","date_gmt":"2024-01-18T16:45:08","guid":{"rendered":"https:\/\/ecsiskola.hu\/web\/?page_id=228"},"modified":"2024-01-18T18:34:32","modified_gmt":"2024-01-18T17:34:32","slug":"vegzos-osztalyok-2018-2019","status":"publish","type":"page","link":"https:\/\/ecsiskola.hu\/web\/vegzos-osztalyok-2018-2019\/","title":{"rendered":"V\u00e9gz\u0151s oszt\u00e1lyok 2018\/2019"},"content":{"rendered":"<h2 style=\"text-align: center;\">2018-2019<\/h2>\n<p><img loading=\"lazy\" decoding=\"async\" class=\"size-large wp-image-218 aligncenter\" src=\"https:\/\/ecsiskola.hu\/web\/wp-content\/uploads\/2024\/01\/2018-2019-1024x746.jpg\" alt=\"\" width=\"680\" height=\"495\" srcset=\"https:\/\/ecsiskola.hu\/web\/wp-content\/uploads\/2024\/01\/2018-2019-1024x746.jpg 1024w, https:\/\/ecsiskola.hu\/web\/wp-content\/uploads\/2024\/01\/2018-2019-300x218.jpg 300w, https:\/\/ecsiskola.hu\/web\/wp-content\/uploads\/2024\/01\/2018-2019-768x559.jpg 768w, https:\/\/ecsiskola.hu\/web\/wp-content\/uploads\/2024\/01\/2018-2019-1536x1119.jpg 1536w, https:\/\/ecsiskola.hu\/web\/wp-content\/uploads\/2024\/01\/2018-2019-2048x1492.jpg 2048w\" sizes=\"(max-width: 680px) 100vw, 680px\" \/><\/p>\n<p style=\"text-align: center;\"><strong>8.oszt\u00e1ly<\/strong><br \/>\n<strong>Oszt\u00e1lyf\u0151n\u00f6k:<\/strong> Sipeky \u00c9va<\/p>\n<p style=\"text-align: center;\">Balog Karina<br \/>\nBar\u00f3thy Vanessa<br \/>\nBudai Roland<br \/>\nCzigler Bence<br \/>\nHeged\u00fcs Barnab\u00e1s<br \/>\nIndrich Nikolett<br \/>\nJelencsics Gell\u00e9rt<br \/>\nKiss Marcell<br \/>\nKov\u00e1cs Krist\u00f3f<br \/>\nL\u00e1nyi Dominik<br \/>\nL\u00fcvi B\u00e1lint<br \/>\nM\u00e9sz\u00e1ros Kata<br \/>\nMoln\u00e1r Laura Kata<br \/>\nNagy Krist\u00f3f<br \/>\nN\u00e9meth \u00c1d\u00e1m<br \/>\nP\u00e1kozdi Zsolt<br \/>\nPorcz J\u00f3zsef<br \/>\nReider Norbert<br \/>\nRess Vanessza<br \/>\nRosta Dzsenifer<br \/>\nS\u00f3ki Krist\u00f3f Dominik<br \/>\nSz\u0171cs Csenge<br \/>\nT\u00f3th Bence Zsombor<br \/>\nT\u00f3th Benj\u00e1min<br \/>\nVarga Levente<br \/>\nV\u00f6r\u00f6s Magor<\/p>\n","protected":false},"excerpt":{"rendered":"<p>2018-2019 8.oszt\u00e1ly Oszt\u00e1lyf\u0151n\u00f6k: Sipeky \u00c9va Balog Karina Bar\u00f3thy Vanessa Budai Roland Czigler Bence Heged\u00fcs Barnab\u00e1s Indrich Nikolett Jelencsics Gell\u00e9rt Kiss Marcell Kov\u00e1cs Krist\u00f3f L\u00e1nyi Dominik L\u00fcvi B\u00e1lint M\u00e9sz\u00e1ros Kata Moln\u00e1r Laura Kata Nagy Krist\u00f3f N\u00e9meth \u00c1d\u00e1m P\u00e1kozdi Zsolt Porcz J\u00f3zsef [&hellip;]<\/p>\n","protected":false},"author":1,"featured_media":0,"parent":0,"menu_order":0,"comment_status":"closed","ping_status":"closed","template":"","meta":{"ngg_post_thumbnail":0,"footnotes":""},"_links":{"self":[{"href":"https:\/\/ecsiskola.hu\/web\/wp-json\/wp\/v2\/pages\/228"}],"collection":[{"href":"https:\/\/ecsiskola.hu\/web\/wp-json\/wp\/v2\/pages"}],"about":[{"href":"https:\/\/ecsiskola.hu\/web\/wp-json\/wp\/v2\/types\/page"}],"author":[{"embeddable":true,"href":"https:\/\/ecsiskola.hu\/web\/wp-json\/wp\/v2\/users\/1"}],"replies":[{"embeddable":true,"href":"https:\/\/ecsiskola.hu\/web\/wp-json\/wp\/v2\/comments?post=228"}],"version-history":[{"count":2,"href":"https:\/\/ecsiskola.hu\/web\/wp-json\/wp\/v2\/pages\/228\/revisions"}],"predecessor-version":[{"id":260,"href":"https:\/\/ecsiskola.hu\/web\/wp-json\/wp\/v2\/pages\/228\/revisions\/260"}],"wp:attachment":[{"href":"https:\/\/ecsiskola.hu\/web\/wp-json\/wp\/v2\/media?parent=228"}],"curies":[{"name":"wp","href":"https:\/\/api.w.org\/{rel}","templated":true}]}}