{"id":230,"date":"2024-01-18T17:47:54","date_gmt":"2024-01-18T16:47:54","guid":{"rendered":"https:\/\/ecsiskola.hu\/web\/?page_id=230"},"modified":"2024-02-28T12:19:05","modified_gmt":"2024-02-28T11:19:05","slug":"vegzos-osztalyok-2017-2018","status":"publish","type":"page","link":"https:\/\/ecsiskola.hu\/web\/vegzos-osztalyok-2017-2018\/","title":{"rendered":"V\u00e9gz\u0151s oszt\u00e1lyok 2017-2018"},"content":{"rendered":"<h2 style=\"text-align: center;\">2017-2018<\/h2>\n<p><img loading=\"lazy\" decoding=\"async\" class=\"size-full wp-image-217 aligncenter\" src=\"https:\/\/ecsiskola.hu\/web\/wp-content\/uploads\/2024\/01\/2017-18.jpg\" alt=\"\" width=\"640\" height=\"450\" srcset=\"https:\/\/ecsiskola.hu\/web\/wp-content\/uploads\/2024\/01\/2017-18.jpg 640w, https:\/\/ecsiskola.hu\/web\/wp-content\/uploads\/2024\/01\/2017-18-300x211.jpg 300w\" sizes=\"(max-width: 640px) 100vw, 640px\" \/><\/p>\n<p style=\"text-align: center;\"><strong>8.oszt\u00e1ly<\/strong><br \/>\n<strong>Oszt\u00e1lyf\u0151n\u00f6k:<\/strong> Pusztain\u00e9 Moln\u00e1r Judit<\/p>\n<p style=\"text-align: center;\">Bogn\u00e1r Nikoletta Napsug\u00e1r<br \/>\nCsereszny\u00e1k Csenge<br \/>\nHolchauser Dorka<br \/>\nKiss R\u00f3bert<br \/>\nKlein Roland<br \/>\nKolonics G\u00e1bor<br \/>\nKov\u00e1cs Luca<br \/>\nKozma Bence<br \/>\nLuk\u00e1cs Rita Evelin<br \/>\nNagy D\u00e1niel<br \/>\nN\u00e9meth Ant\u00f3nia Gr\u00e9ta<br \/>\n\u00d6kr\u00f6s-J\u00e1szai Rubina<br \/>\nPet\u0151 D\u00e1niel<br \/>\nPollreisz Bianka<br \/>\nS\u00e1h\u00f3 Roland<br \/>\nSzab\u00f3 Dominika Mirabella<br \/>\nSzab\u00f3 Napsug\u00e1r Eszter<br \/>\nTatai M\u00e1rk<br \/>\nTuri Anna Dorina<br \/>\n\u00dcveges Mil\u00e1n M\u00e1ri\u00f3<br \/>\nRosta Dzsenifer<br \/>\nS\u00f3ki Krist\u00f3f Dominik<br \/>\nSz\u0171cs Csenge<br \/>\nT\u00f3th Bence Zsombor<br \/>\nT\u00f3th Benj\u00e1min<br \/>\nVarga Levente<br \/>\nV\u00f6r\u00f6s Magor<\/p>\n","protected":false},"excerpt":{"rendered":"<p>2017-2018 8.oszt\u00e1ly Oszt\u00e1lyf\u0151n\u00f6k: Pusztain\u00e9 Moln\u00e1r Judit Bogn\u00e1r Nikoletta Napsug\u00e1r Csereszny\u00e1k Csenge Holchauser Dorka Kiss R\u00f3bert Klein Roland Kolonics G\u00e1bor Kov\u00e1cs Luca Kozma Bence Luk\u00e1cs Rita Evelin Nagy D\u00e1niel N\u00e9meth Ant\u00f3nia Gr\u00e9ta \u00d6kr\u00f6s-J\u00e1szai Rubina Pet\u0151 D\u00e1niel Pollreisz Bianka S\u00e1h\u00f3 Roland Szab\u00f3 [&hellip;]<\/p>\n","protected":false},"author":1,"featured_media":0,"parent":0,"menu_order":0,"comment_status":"closed","ping_status":"closed","template":"","meta":{"ngg_post_thumbnail":0,"footnotes":""},"_links":{"self":[{"href":"https:\/\/ecsiskola.hu\/web\/wp-json\/wp\/v2\/pages\/230"}],"collection":[{"href":"https:\/\/ecsiskola.hu\/web\/wp-json\/wp\/v2\/pages"}],"about":[{"href":"https:\/\/ecsiskola.hu\/web\/wp-json\/wp\/v2\/types\/page"}],"author":[{"embeddable":true,"href":"https:\/\/ecsiskola.hu\/web\/wp-json\/wp\/v2\/users\/1"}],"replies":[{"embeddable":true,"href":"https:\/\/ecsiskola.hu\/web\/wp-json\/wp\/v2\/comments?post=230"}],"version-history":[{"count":6,"href":"https:\/\/ecsiskola.hu\/web\/wp-json\/wp\/v2\/pages\/230\/revisions"}],"predecessor-version":[{"id":607,"href":"https:\/\/ecsiskola.hu\/web\/wp-json\/wp\/v2\/pages\/230\/revisions\/607"}],"wp:attachment":[{"href":"https:\/\/ecsiskola.hu\/web\/wp-json\/wp\/v2\/media?parent=230"}],"curies":[{"name":"wp","href":"https:\/\/api.w.org\/{rel}","templated":true}]}}