{"id":236,"date":"2024-01-18T17:59:17","date_gmt":"2024-01-18T16:59:17","guid":{"rendered":"https:\/\/ecsiskola.hu\/web\/?page_id=236"},"modified":"2024-01-18T18:37:25","modified_gmt":"2024-01-18T17:37:25","slug":"vegzos-osztalyok-2015-2016","status":"publish","type":"page","link":"https:\/\/ecsiskola.hu\/web\/vegzos-osztalyok-2015-2016\/","title":{"rendered":"V\u00e9gz\u0151s oszt\u00e1lyok 2015\/2016"},"content":{"rendered":"<h2 style=\"text-align: center;\">2015\/2016<\/h2>\n<p><img loading=\"lazy\" decoding=\"async\" class=\"size-full wp-image-215 aligncenter\" src=\"https:\/\/ecsiskola.hu\/web\/wp-content\/uploads\/2024\/01\/2015-2016.jpg\" alt=\"\" width=\"640\" height=\"461\" srcset=\"https:\/\/ecsiskola.hu\/web\/wp-content\/uploads\/2024\/01\/2015-2016.jpg 640w, https:\/\/ecsiskola.hu\/web\/wp-content\/uploads\/2024\/01\/2015-2016-300x216.jpg 300w\" sizes=\"(max-width: 640px) 100vw, 640px\" \/><\/p>\n<p style=\"text-align: center;\"><strong>8.oszt\u00e1ly<\/strong><\/p>\n<p style=\"text-align: center;\">Berkes Erika<br \/>\nCzigler Adri\u00e1n<br \/>\nCseszregi Rich\u00e1rd<br \/>\nCsillag Gergely<br \/>\nF\u00e1y M\u00e1rton<br \/>\nH\u00e1hn Klaudia<br \/>\nHolchauser Liza<br \/>\nHorv\u00e1th Katrin<br \/>\nIv\u00e1ncza M\u00e1t\u00e9<br \/>\nJ\u00f3zsa Bogl\u00e1rka<br \/>\nK\u00e1lm\u00e1n D\u00e1vid<br \/>\nKiss M\u00e1t\u00e9<br \/>\nKlein Rich\u00e1rd<br \/>\nLenkefi M\u00e1t\u00e9<br \/>\nNagy Ervin Zsolt<br \/>\nN\u00e9meth Adrienn<br \/>\nN\u00e9meth Martin<br \/>\nP\u00e1l Gabriella<br \/>\nPap Nikolett<br \/>\nPatak Lilla<br \/>\nPirgi D\u00e1vid M\u00e1rk<br \/>\nSarman Bogl\u00e1rka<br \/>\nSteczina Zs\u00f3fia<br \/>\nSzatm\u00e1ri M\u00e1t\u00e9<br \/>\nSzemeti P\u00e9ter<br \/>\nSz\u0171cs G\u00e9za<br \/>\nVajda Istv\u00e1n<\/p>\n","protected":false},"excerpt":{"rendered":"<p>2015\/2016 8.oszt\u00e1ly Berkes Erika Czigler Adri\u00e1n Cseszregi Rich\u00e1rd Csillag Gergely F\u00e1y M\u00e1rton H\u00e1hn Klaudia Holchauser Liza Horv\u00e1th Katrin Iv\u00e1ncza M\u00e1t\u00e9 J\u00f3zsa Bogl\u00e1rka K\u00e1lm\u00e1n D\u00e1vid Kiss M\u00e1t\u00e9 Klein Rich\u00e1rd Lenkefi M\u00e1t\u00e9 Nagy Ervin Zsolt N\u00e9meth Adrienn N\u00e9meth Martin P\u00e1l Gabriella Pap [&hellip;]<\/p>\n","protected":false},"author":1,"featured_media":0,"parent":0,"menu_order":0,"comment_status":"closed","ping_status":"closed","template":"","meta":{"ngg_post_thumbnail":0,"footnotes":""},"_links":{"self":[{"href":"https:\/\/ecsiskola.hu\/web\/wp-json\/wp\/v2\/pages\/236"}],"collection":[{"href":"https:\/\/ecsiskola.hu\/web\/wp-json\/wp\/v2\/pages"}],"about":[{"href":"https:\/\/ecsiskola.hu\/web\/wp-json\/wp\/v2\/types\/page"}],"author":[{"embeddable":true,"href":"https:\/\/ecsiskola.hu\/web\/wp-json\/wp\/v2\/users\/1"}],"replies":[{"embeddable":true,"href":"https:\/\/ecsiskola.hu\/web\/wp-json\/wp\/v2\/comments?post=236"}],"version-history":[{"count":2,"href":"https:\/\/ecsiskola.hu\/web\/wp-json\/wp\/v2\/pages\/236\/revisions"}],"predecessor-version":[{"id":263,"href":"https:\/\/ecsiskola.hu\/web\/wp-json\/wp\/v2\/pages\/236\/revisions\/263"}],"wp:attachment":[{"href":"https:\/\/ecsiskola.hu\/web\/wp-json\/wp\/v2\/media?parent=236"}],"curies":[{"name":"wp","href":"https:\/\/api.w.org\/{rel}","templated":true}]}}