{"id":240,"date":"2024-01-18T18:04:06","date_gmt":"2024-01-18T17:04:06","guid":{"rendered":"https:\/\/ecsiskola.hu\/web\/?page_id=240"},"modified":"2024-01-18T18:39:12","modified_gmt":"2024-01-18T17:39:12","slug":"vegzos-osztalyok-2013-2014","status":"publish","type":"page","link":"https:\/\/ecsiskola.hu\/web\/vegzos-osztalyok-2013-2014\/","title":{"rendered":"V\u00e9gz\u0151s oszt\u00e1lyok 2013\/2014"},"content":{"rendered":"<h2 style=\"text-align: center;\">2013\/2014<\/h2>\n<p><img loading=\"lazy\" decoding=\"async\" class=\"size-full wp-image-212 aligncenter\" src=\"https:\/\/ecsiskola.hu\/web\/wp-content\/uploads\/2024\/01\/2013-2014.jpg\" alt=\"\" width=\"640\" height=\"459\" srcset=\"https:\/\/ecsiskola.hu\/web\/wp-content\/uploads\/2024\/01\/2013-2014.jpg 640w, https:\/\/ecsiskola.hu\/web\/wp-content\/uploads\/2024\/01\/2013-2014-300x215.jpg 300w\" sizes=\"(max-width: 640px) 100vw, 640px\" \/><\/p>\n<p style=\"text-align: center;\"><strong>8.oszt\u00e1ly<\/strong><br \/>\n\u00c1brah\u00e1m Dzsenifer<br \/>\nBogn\u00e1r Regina<br \/>\nBors Valent\u00edna<br \/>\nD\u00e9zsi Kevin Benjamin<br \/>\nDoktor Szil\u00e1rd<br \/>\nFekete Attila<br \/>\nHorv\u00e1th D\u00e1vid<br \/>\nKocsis Roland<br \/>\nKolont\u00e1ri Krisztina<br \/>\nL\u00e9vai Rich\u00e1rd G\u00e1bor<br \/>\nM\u00e1rkus \u00c1ron<br \/>\nNagy Dominika<br \/>\nNemoda Vir\u00e1g<br \/>\nPetr\u0151tei Zs\u00f3fia<br \/>\nPulai Rebeka<br \/>\nSteczina Soma<br \/>\nT\u00f3th D\u00e1vid<br \/>\nVarga M\u00f3nika<br \/>\nVaszari Andr\u00e1s<\/p>\n","protected":false},"excerpt":{"rendered":"<p>2013\/2014 8.oszt\u00e1ly \u00c1brah\u00e1m Dzsenifer Bogn\u00e1r Regina Bors Valent\u00edna D\u00e9zsi Kevin Benjamin Doktor Szil\u00e1rd Fekete Attila Horv\u00e1th D\u00e1vid Kocsis Roland Kolont\u00e1ri Krisztina L\u00e9vai Rich\u00e1rd G\u00e1bor M\u00e1rkus \u00c1ron Nagy Dominika Nemoda Vir\u00e1g Petr\u0151tei Zs\u00f3fia Pulai Rebeka Steczina Soma T\u00f3th D\u00e1vid Varga M\u00f3nika [&hellip;]<\/p>\n","protected":false},"author":1,"featured_media":0,"parent":0,"menu_order":0,"comment_status":"closed","ping_status":"closed","template":"","meta":{"ngg_post_thumbnail":0,"footnotes":""},"_links":{"self":[{"href":"https:\/\/ecsiskola.hu\/web\/wp-json\/wp\/v2\/pages\/240"}],"collection":[{"href":"https:\/\/ecsiskola.hu\/web\/wp-json\/wp\/v2\/pages"}],"about":[{"href":"https:\/\/ecsiskola.hu\/web\/wp-json\/wp\/v2\/types\/page"}],"author":[{"embeddable":true,"href":"https:\/\/ecsiskola.hu\/web\/wp-json\/wp\/v2\/users\/1"}],"replies":[{"embeddable":true,"href":"https:\/\/ecsiskola.hu\/web\/wp-json\/wp\/v2\/comments?post=240"}],"version-history":[{"count":2,"href":"https:\/\/ecsiskola.hu\/web\/wp-json\/wp\/v2\/pages\/240\/revisions"}],"predecessor-version":[{"id":265,"href":"https:\/\/ecsiskola.hu\/web\/wp-json\/wp\/v2\/pages\/240\/revisions\/265"}],"wp:attachment":[{"href":"https:\/\/ecsiskola.hu\/web\/wp-json\/wp\/v2\/media?parent=240"}],"curies":[{"name":"wp","href":"https:\/\/api.w.org\/{rel}","templated":true}]}}