{"id":246,"date":"2024-01-18T18:15:25","date_gmt":"2024-01-18T17:15:25","guid":{"rendered":"https:\/\/ecsiskola.hu\/web\/?page_id=246"},"modified":"2024-01-18T18:15:25","modified_gmt":"2024-01-18T17:15:25","slug":"vegzos-osztalyok-2010-2011","status":"publish","type":"page","link":"https:\/\/ecsiskola.hu\/web\/vegzos-osztalyok-2010-2011\/","title":{"rendered":"V\u00e9gz\u0151s oszt\u00e1lyok 2010\/2011"},"content":{"rendered":"<h2 style=\"text-align: center;\">2010\/2011<\/h2>\n<p><img loading=\"lazy\" decoding=\"async\" class=\"wp-image-208 aligncenter\" src=\"https:\/\/ecsiskola.hu\/web\/wp-content\/uploads\/2024\/01\/2010-2011_8_a_osztaly.jpg\" alt=\"\" width=\"681\" height=\"454\" srcset=\"https:\/\/ecsiskola.hu\/web\/wp-content\/uploads\/2024\/01\/2010-2011_8_a_osztaly.jpg 1024w, https:\/\/ecsiskola.hu\/web\/wp-content\/uploads\/2024\/01\/2010-2011_8_a_osztaly-300x200.jpg 300w, https:\/\/ecsiskola.hu\/web\/wp-content\/uploads\/2024\/01\/2010-2011_8_a_osztaly-768x512.jpg 768w\" sizes=\"(max-width: 681px) 100vw, 681px\" \/><\/p>\n<p style=\"text-align: center;\"><strong>8.a oszt\u00e1ly<\/strong><\/p>\n<p style=\"text-align: center;\">Szemetin\u00e9 Sz\u00e1nt\u00f3 Ibolya (oszt\u00e1lyf\u0151n\u00f6k)<br \/>\nB\u00edr\u00f3 Lilla<br \/>\nG\u00f6mb\u00f6cz M\u00e1ty\u00e1s<br \/>\nHeged\u00fcs Bal\u00e1zs<br \/>\nHorv\u00e1th G\u00e1bor<br \/>\nIv\u00e1n Bal\u00e1zs<br \/>\nKrajcz\u00e1r M\u00e1rk<br \/>\nKungl Alexandra<br \/>\nMojzer Petra<br \/>\nNagy Lehel<br \/>\nOrb\u00e1n G\u00e1bor<br \/>\nP\u00e9nzes Vivien<br \/>\nPoly\u00e1k Kata<br \/>\nSzaniszl\u00f3 Nikolett<br \/>\nTatai Patr\u00edcia<br \/>\nT\u00f3th Fanni<\/p>\n<hr>\n<p><img loading=\"lazy\" decoding=\"async\" class=\"alignnone  wp-image-209\" src=\"https:\/\/ecsiskola.hu\/web\/wp-content\/uploads\/2024\/01\/2010-2011_8_b_osztay.jpg\" alt=\"\" width=\"692\" height=\"461\" srcset=\"https:\/\/ecsiskola.hu\/web\/wp-content\/uploads\/2024\/01\/2010-2011_8_b_osztay.jpg 1024w, https:\/\/ecsiskola.hu\/web\/wp-content\/uploads\/2024\/01\/2010-2011_8_b_osztay-300x200.jpg 300w, https:\/\/ecsiskola.hu\/web\/wp-content\/uploads\/2024\/01\/2010-2011_8_b_osztay-768x512.jpg 768w\" sizes=\"(max-width: 692px) 100vw, 692px\" \/><\/p>\n<p style=\"text-align: center;\"><strong>8.b oszt\u00e1ly<\/strong><\/p>\n<p style=\"text-align: center;\">J\u00e1mbor L\u00e1szl\u00f3n\u00e9 (oszt\u00e1lyf\u0151n\u00f6k)<br \/>\nBakacs S\u00e1ndor<br \/>\nBarab\u00e1s Annam\u00e1ria<br \/>\nBek\u0151 Cintia<br \/>\nBogn\u00e1r G\u00e1bor<br \/>\nD\u00e9zsi Andr\u00e1s<br \/>\nFekete \u00c1gnes<br \/>\nHorv\u00e1th Eliza<br \/>\nHorv\u00e1th Hajnalka<br \/>\nHorv\u00e1th Kitti<br \/>\nHorv\u00e1th M\u00f3nika<br \/>\nKolonics Eszter<br \/>\nKov\u00e1cs Patrik<br \/>\nNemoda Krist\u00f3f<br \/>\nN\u00e9meth Nikolett M\u00e1ria<br \/>\nPap Zsolt<br \/>\nRont\u00f3 Ingrid<br \/>\nRont\u00f3 Roland<br \/>\nSomogyi Zs\u00f3fia Luca<br \/>\nSzemeti Zsuzsanna<br \/>\nT\u00f3th Zsanett<br \/>\nWalla Nikolett<\/p>\n","protected":false},"excerpt":{"rendered":"<p>2010\/2011 8.a oszt\u00e1ly Szemetin\u00e9 Sz\u00e1nt\u00f3 Ibolya (oszt\u00e1lyf\u0151n\u00f6k) B\u00edr\u00f3 Lilla G\u00f6mb\u00f6cz M\u00e1ty\u00e1s Heged\u00fcs Bal\u00e1zs Horv\u00e1th G\u00e1bor Iv\u00e1n Bal\u00e1zs Krajcz\u00e1r M\u00e1rk Kungl Alexandra Mojzer Petra Nagy Lehel Orb\u00e1n G\u00e1bor P\u00e9nzes Vivien Poly\u00e1k Kata Szaniszl\u00f3 Nikolett Tatai Patr\u00edcia T\u00f3th Fanni 8.b oszt\u00e1ly J\u00e1mbor [&hellip;]<\/p>\n","protected":false},"author":1,"featured_media":0,"parent":0,"menu_order":0,"comment_status":"closed","ping_status":"closed","template":"","meta":{"ngg_post_thumbnail":0,"footnotes":""},"_links":{"self":[{"href":"https:\/\/ecsiskola.hu\/web\/wp-json\/wp\/v2\/pages\/246"}],"collection":[{"href":"https:\/\/ecsiskola.hu\/web\/wp-json\/wp\/v2\/pages"}],"about":[{"href":"https:\/\/ecsiskola.hu\/web\/wp-json\/wp\/v2\/types\/page"}],"author":[{"embeddable":true,"href":"https:\/\/ecsiskola.hu\/web\/wp-json\/wp\/v2\/users\/1"}],"replies":[{"embeddable":true,"href":"https:\/\/ecsiskola.hu\/web\/wp-json\/wp\/v2\/comments?post=246"}],"version-history":[{"count":1,"href":"https:\/\/ecsiskola.hu\/web\/wp-json\/wp\/v2\/pages\/246\/revisions"}],"predecessor-version":[{"id":247,"href":"https:\/\/ecsiskola.hu\/web\/wp-json\/wp\/v2\/pages\/246\/revisions\/247"}],"wp:attachment":[{"href":"https:\/\/ecsiskola.hu\/web\/wp-json\/wp\/v2\/media?parent=246"}],"curies":[{"name":"wp","href":"https:\/\/api.w.org\/{rel}","templated":true}]}}