{"id":248,"date":"2024-01-18T18:17:23","date_gmt":"2024-01-18T17:17:23","guid":{"rendered":"https:\/\/ecsiskola.hu\/web\/?page_id=248"},"modified":"2024-01-18T18:17:23","modified_gmt":"2024-01-18T17:17:23","slug":"vegzos-osztalyok-2009-2010","status":"publish","type":"page","link":"https:\/\/ecsiskola.hu\/web\/vegzos-osztalyok-2009-2010\/","title":{"rendered":"V\u00e9gz\u0151s oszt\u00e1lyok 2009\/2010"},"content":{"rendered":"<p><img loading=\"lazy\" decoding=\"async\" class=\"wp-image-207 aligncenter\" src=\"https:\/\/ecsiskola.hu\/web\/wp-content\/uploads\/2024\/01\/2009-2010_8_osztaly.jpg\" alt=\"\" width=\"699\" height=\"492\" srcset=\"https:\/\/ecsiskola.hu\/web\/wp-content\/uploads\/2024\/01\/2009-2010_8_osztaly.jpg 1024w, https:\/\/ecsiskola.hu\/web\/wp-content\/uploads\/2024\/01\/2009-2010_8_osztaly-300x211.jpg 300w, https:\/\/ecsiskola.hu\/web\/wp-content\/uploads\/2024\/01\/2009-2010_8_osztaly-768x541.jpg 768w\" sizes=\"(max-width: 699px) 100vw, 699px\" \/><\/p>\n<p style=\"text-align: center;\"><strong>8.oszt\u00e1ly<\/strong><\/p>\n<p style=\"text-align: center;\">Lengyeln\u00e9 Gal\u00e1ntai Erzs\u00e9bet (oszt\u00e1lyf\u0151n\u00f6k)<br \/>\nAntalovics \u00c1kos<br \/>\nBakk Norbert<br \/>\nBarcsanics Korn\u00e9l<br \/>\nBar\u00f3csi No\u00e9mi<br \/>\nCseb\u00e1k Lilla<br \/>\nCsihar Vikt\u00f3ria<br \/>\nD\u00e1vid M\u00e1rk<br \/>\nG\u00e9mes Bal\u00e1zs<br \/>\nHeged\u0171s Adrienn<br \/>\nHorv\u00e1th Vivien<br \/>\nHorv\u00e1th Vivien<br \/>\nKiss Gerg\u0151<br \/>\nKocsis M\u00e1rton<br \/>\nM\u00e1rkus Lilla<br \/>\nOtoltics Patrik<br \/>\nPetr\u0151tei Eszter<br \/>\nPulai Vivien<br \/>\nRess G\u00e1bor<br \/>\nS\u00e1ri Jennifer<br \/>\nS\u00e1ri Rich\u00e1rd<br \/>\nSimon Edina<br \/>\nS\u00fcmegi P\u00e9ter<br \/>\nSzab\u00f3 Attila<br \/>\nSz\u00e9kely Gerg\u0151<br \/>\nT\u00f3th Bianka<br \/>\nVarga \u00c1kos<\/p>\n","protected":false},"excerpt":{"rendered":"<p>8.oszt\u00e1ly Lengyeln\u00e9 Gal\u00e1ntai Erzs\u00e9bet (oszt\u00e1lyf\u0151n\u00f6k) Antalovics \u00c1kos Bakk Norbert Barcsanics Korn\u00e9l Bar\u00f3csi No\u00e9mi Cseb\u00e1k Lilla Csihar Vikt\u00f3ria D\u00e1vid M\u00e1rk G\u00e9mes Bal\u00e1zs Heged\u0171s Adrienn Horv\u00e1th Vivien Horv\u00e1th Vivien Kiss Gerg\u0151 Kocsis M\u00e1rton M\u00e1rkus Lilla Otoltics Patrik Petr\u0151tei Eszter Pulai Vivien Ress [&hellip;]<\/p>\n","protected":false},"author":1,"featured_media":0,"parent":0,"menu_order":0,"comment_status":"closed","ping_status":"closed","template":"","meta":{"ngg_post_thumbnail":0,"footnotes":""},"_links":{"self":[{"href":"https:\/\/ecsiskola.hu\/web\/wp-json\/wp\/v2\/pages\/248"}],"collection":[{"href":"https:\/\/ecsiskola.hu\/web\/wp-json\/wp\/v2\/pages"}],"about":[{"href":"https:\/\/ecsiskola.hu\/web\/wp-json\/wp\/v2\/types\/page"}],"author":[{"embeddable":true,"href":"https:\/\/ecsiskola.hu\/web\/wp-json\/wp\/v2\/users\/1"}],"replies":[{"embeddable":true,"href":"https:\/\/ecsiskola.hu\/web\/wp-json\/wp\/v2\/comments?post=248"}],"version-history":[{"count":1,"href":"https:\/\/ecsiskola.hu\/web\/wp-json\/wp\/v2\/pages\/248\/revisions"}],"predecessor-version":[{"id":249,"href":"https:\/\/ecsiskola.hu\/web\/wp-json\/wp\/v2\/pages\/248\/revisions\/249"}],"wp:attachment":[{"href":"https:\/\/ecsiskola.hu\/web\/wp-json\/wp\/v2\/media?parent=248"}],"curies":[{"name":"wp","href":"https:\/\/api.w.org\/{rel}","templated":true}]}}