{"id":252,"date":"2024-01-18T18:23:42","date_gmt":"2024-01-18T17:23:42","guid":{"rendered":"https:\/\/ecsiskola.hu\/web\/?page_id=252"},"modified":"2024-01-18T18:23:42","modified_gmt":"2024-01-18T17:23:42","slug":"vegzos-osztalyok-2007-2008","status":"publish","type":"page","link":"https:\/\/ecsiskola.hu\/web\/vegzos-osztalyok-2007-2008\/","title":{"rendered":"V\u00e9gz\u0151s oszt\u00e1lyok 2007\/2008"},"content":{"rendered":"<h2 style=\"text-align: center;\">2007\/2008<\/h2>\n<p><img loading=\"lazy\" decoding=\"async\" class=\"wp-image-203 aligncenter\" src=\"https:\/\/ecsiskola.hu\/web\/wp-content\/uploads\/2024\/01\/2007-2008_8_a_osztaly.jpg\" alt=\"\" width=\"679\" height=\"471\" srcset=\"https:\/\/ecsiskola.hu\/web\/wp-content\/uploads\/2024\/01\/2007-2008_8_a_osztaly.jpg 1024w, https:\/\/ecsiskola.hu\/web\/wp-content\/uploads\/2024\/01\/2007-2008_8_a_osztaly-300x208.jpg 300w, https:\/\/ecsiskola.hu\/web\/wp-content\/uploads\/2024\/01\/2007-2008_8_a_osztaly-768x533.jpg 768w\" sizes=\"(max-width: 679px) 100vw, 679px\" \/><\/p>\n<p style=\"text-align: center;\"><strong>8.a oszt\u00e1ly<\/strong><\/p>\n<p style=\"text-align: center;\">Orb\u00e1nn\u00e9 Sipeky \u00c9va (oszt\u00e1lyf\u0151n\u00f6k)<br \/>\nB\u00e1n \u00c1d\u00e1m<br \/>\nB\u00e9kefi Christopher<br \/>\nB\u0151d\u00f6r Attila<br \/>\nCsihar Patrik<br \/>\nFarkas L\u00e1szl\u00f3<br \/>\nHont Andrea<br \/>\nHorv\u00e1th Roland<br \/>\nJ\u00f3zsa Martin<br \/>\nMojzer Fanni<br \/>\nPardavi \u00c1d\u00e1m<br \/>\nSchreiner K\u00e1roly<br \/>\nSchreiner Vikt\u00f3ria<br \/>\nSzab\u00f3 Nat\u00e1lia<br \/>\nSz\u0171cs Laura<br \/>\nTak\u00e1cs Eszter<br \/>\nTatai Rich\u00e1rd<br \/>\nVarga D\u00e1vid<\/p>\n<hr>\n<p><img loading=\"lazy\" decoding=\"async\" class=\"wp-image-204 aligncenter\" src=\"https:\/\/ecsiskola.hu\/web\/wp-content\/uploads\/2024\/01\/2007-2008_8_b_osztaly.jpg\" alt=\"\" width=\"689\" height=\"478\" srcset=\"https:\/\/ecsiskola.hu\/web\/wp-content\/uploads\/2024\/01\/2007-2008_8_b_osztaly.jpg 1024w, https:\/\/ecsiskola.hu\/web\/wp-content\/uploads\/2024\/01\/2007-2008_8_b_osztaly-300x208.jpg 300w, https:\/\/ecsiskola.hu\/web\/wp-content\/uploads\/2024\/01\/2007-2008_8_b_osztaly-768x533.jpg 768w\" sizes=\"(max-width: 689px) 100vw, 689px\" \/><\/p>\n<p style=\"text-align: center;\"><strong>8.b oszt\u00e1ly<\/strong><\/p>\n<p style=\"text-align: center;\">Szab\u00f3n\u00e9 Pacsai Ilona (oszt\u00e1lyf\u0151n\u00f6k)<br \/>\nBerkes Elv\u00edra<br \/>\nCzigler Ildik\u00f3<br \/>\nFerenczi G\u00e9za<br \/>\nHorv\u00e1th Szilvia<br \/>\nKaltenecker Gina<br \/>\nK\u00f3sa Gyula<br \/>\nMeizner Evelin Nikolett<br \/>\nNemoda Petra<br \/>\nSzal\u00f3 D\u00f3ra<br \/>\nTak\u00e1cs P\u00e9ter<br \/>\nT\u00e1nczos D\u00e1vid<br \/>\nVad\u00e1sz Lajos<br \/>\nVajda N\u00f3ra<\/p>\n","protected":false},"excerpt":{"rendered":"<p>2007\/2008 8.a oszt\u00e1ly Orb\u00e1nn\u00e9 Sipeky \u00c9va (oszt\u00e1lyf\u0151n\u00f6k) B\u00e1n \u00c1d\u00e1m B\u00e9kefi Christopher B\u0151d\u00f6r Attila Csihar Patrik Farkas L\u00e1szl\u00f3 Hont Andrea Horv\u00e1th Roland J\u00f3zsa Martin Mojzer Fanni Pardavi \u00c1d\u00e1m Schreiner K\u00e1roly Schreiner Vikt\u00f3ria Szab\u00f3 Nat\u00e1lia Sz\u0171cs Laura Tak\u00e1cs Eszter Tatai Rich\u00e1rd Varga [&hellip;]<\/p>\n","protected":false},"author":1,"featured_media":0,"parent":0,"menu_order":0,"comment_status":"closed","ping_status":"closed","template":"","meta":{"ngg_post_thumbnail":0,"footnotes":""},"_links":{"self":[{"href":"https:\/\/ecsiskola.hu\/web\/wp-json\/wp\/v2\/pages\/252"}],"collection":[{"href":"https:\/\/ecsiskola.hu\/web\/wp-json\/wp\/v2\/pages"}],"about":[{"href":"https:\/\/ecsiskola.hu\/web\/wp-json\/wp\/v2\/types\/page"}],"author":[{"embeddable":true,"href":"https:\/\/ecsiskola.hu\/web\/wp-json\/wp\/v2\/users\/1"}],"replies":[{"embeddable":true,"href":"https:\/\/ecsiskola.hu\/web\/wp-json\/wp\/v2\/comments?post=252"}],"version-history":[{"count":1,"href":"https:\/\/ecsiskola.hu\/web\/wp-json\/wp\/v2\/pages\/252\/revisions"}],"predecessor-version":[{"id":253,"href":"https:\/\/ecsiskola.hu\/web\/wp-json\/wp\/v2\/pages\/252\/revisions\/253"}],"wp:attachment":[{"href":"https:\/\/ecsiskola.hu\/web\/wp-json\/wp\/v2\/media?parent=252"}],"curies":[{"name":"wp","href":"https:\/\/api.w.org\/{rel}","templated":true}]}}