{"id":314,"date":"2024-01-19T18:13:27","date_gmt":"2024-01-19T17:13:27","guid":{"rendered":"https:\/\/ecsiskola.hu\/web\/?page_id=314"},"modified":"2024-01-20T13:11:25","modified_gmt":"2024-01-20T12:11:25","slug":"intezmenyi-minosites","status":"publish","type":"page","link":"https:\/\/ecsiskola.hu\/web\/intezmenyi-minosites\/","title":{"rendered":"Int\u00e9zm\u00e9nyi min\u0151s\u00edt\u00e9s"},"content":{"rendered":"<p><img loading=\"lazy\" decoding=\"async\" class=\"wp-image-338 aligncenter\" src=\"https:\/\/ecsiskola.hu\/web\/wp-content\/uploads\/2024\/01\/minositett.referenciaintezmeny.jpg\" alt=\"Min\u0151s\u00edtett referenciaint\u00e9zm\u00e9ny\" width=\"579\" height=\"244\" srcset=\"https:\/\/ecsiskola.hu\/web\/wp-content\/uploads\/2024\/01\/minositett.referenciaintezmeny.jpg 641w, https:\/\/ecsiskola.hu\/web\/wp-content\/uploads\/2024\/01\/minositett.referenciaintezmeny-300x126.jpg 300w\" sizes=\"(max-width: 579px) 100vw, 579px\" \/><\/p>\n<p>2010-ben int\u00e9zm\u00e9ny\u00fcnk \u2013 az Educatio fel\u00fclet\u00e9n k\u00f6zz\u00e9tett j\u00f3 gyakorlatok \u00e9s elk\u00e9sz\u00edtett int\u00e9zm\u00e9nyi fejleszt\u00e9si terv alapj\u00e1n &#8211; megfelelt az el\u0151min\u0151s\u00edt\u00e9si folyamatban.<\/p>\n<p>2012. december\u00e9ben lez\u00e1rult a referencia int\u00e9zm\u00e9nny\u00e9 v\u00e1l\u00e1shoz sz\u00fcks\u00e9gest k\u00e9pz\u00e9seket, szakmai tev\u00e9kenys\u00e9geket t\u00e1mogat\u00f3 p\u00e1ly\u00e1zatunk (T\u00c1MOP 3.1.7.)<\/p>\n<p>A 2013\/14. tan\u00e9vben jelentkezt\u00fcnk az int\u00e9zm\u00e9ny min\u0151s\u00edt\u00e9s\u00e9nek z\u00e1r\u00f3 szakasz\u00e1ra.<br \/>\nAz Educati\u00f3 fel\u00fclet\u00e9re felt\u00f6lt\u00f6tt\u00fck az ehhez sz\u00fcks\u00e9ges anyagokat, majd ennek elfogad\u00e1sa ut\u00e1n a 3 f\u0151s min\u0151s\u00edt\u0151 test\u00fclet az \u00c9csi Pet\u0151fi S\u00e1ndor \u00c1ltal\u00e1nos Iskola \u00e9s AMI Sz\u00e9khely Int\u00e9zm\u00e9ny\u00e9ben a min\u0151s\u00edt\u00e9si elj\u00e1r\u00e1st lefolytatta. Az \u00e9rt\u00e9kel\u00e9shez sz\u00fcks\u00e9ges dokument\u00e1ci\u00f3t megvizsg\u00e1lta.<\/p>\n<p>Az int\u00e9zm\u00e9ny \u00e1ltal meghat\u00e1rozott fejleszt\u00e9si terv megval\u00f3s\u00edt\u00e1s\u00e1t, a referenciater\u00fcleti j\u00f3 gyakorlatot, az int\u00e9zm\u00e9ny- bemutat\u00f3 gy\u0171jtem\u00e9nyt \u00e9s a prezent\u00e1ci\u00f3 tartalm\u00e1t ellen\u0151rizte \u00e9s \u00e9rt\u00e9kelte.<br \/>\nA fentiek alapj\u00e1n a min\u0151s\u00edt\u0151 test\u00fclet az int\u00e9zm\u00e9nyt referenciaint\u00e9zm\u00e9nny\u00e9 min\u0151s\u00edtette.<\/p>\n<p><strong>Jelent\u00e9se:<\/strong> Egyedi, m\u00e1s int\u00e9zm\u00e9nyek sz\u00e1m\u00e1ra is p\u00e9lda\u00e9rt\u00e9k\u0171, m\u0171k\u00f6d\u00e9s\u00e9ben koherens, befogad\u00f3, gyermekk\u00f6zpont\u00fa pedag\u00f3giai gyakorlattal, szervezeti innov\u00e1ci\u00f3val rendelkez\u0151, \u00e9s ezt szolg\u00e1ltat\u00e1saiban publik\u00e1lni, valamint \u00e1tadni k\u00e9pes int\u00e9zm\u00e9ny.<\/p>\n<p>A hat\u00e1rozat \u00e9rtelm\u00e9ben az int\u00e9zm\u00e9ny \u201eMin\u0151s\u00edtett referenciaint\u00e9zm\u00e9ny&#8221; c\u00edmet viselhet, amely alapj\u00e1n az \u00c9csi Pet\u0151fi S\u00e1ndor \u00c1ltal\u00e1nos Iskola \u00e9s AMI referencia-int\u00e9zm\u00e9nyk\u00e9nt m\u0171k\u00f6dhet az al\u00e1bbi ter\u00fcleten:<\/p>\n<p>Kompetencia alap\u00fa nevel\u00e9si, oktat\u00e1si programot \u00e1tfog\u00f3an, mintaad\u00f3an alkalmaz\u00f3 int\u00e9zm\u00e9ny. A referencia ter\u00fclethez kapcsol\u00f3d\u00f3 j\u00f3 gyakorlatunk &#8222;Az IKT alkalmaz\u00e1sa a tanul\u00f3k term\u00e9szettudom\u00e1nyos gondolkod\u00e1s\u00e1nak fejleszt\u00e9s\u00e9ben.&#8221;<br \/>\n<strong>Tov\u00e1bbi j\u00f3 gyakorlataink:<\/strong><\/p>\n<ul>\n<li>Rajzolni j\u00f3 \u2013 kreativit\u00e1sfejleszt\u00e9s az \u00e1ltal\u00e1nos iskolai vizu\u00e1lis kult\u00fara ter\u00fclet\u00e9n bel\u00fcl<\/li>\n<li>Unalom\u0171z\u0151 \u2013 ny\u00e1ri napk\u00f6zis t\u00e1bor<\/li>\n<li>M\u0171velts\u00e9gi vet\u00e9lked\u0151 fels\u0151 tagozatos tanul\u00f3knak<\/li>\n<li>M\u00faltid\u00e9z\u0151 4*4 \u2013 t\u00f6rt\u00e9nelmi vet\u00e9lked\u0151<\/li>\n<li>Int\u00e9zm\u00e9ny\u00fcnk megfelel\u0151 infrastrukt\u00far\u00e1val, eszk\u00f6zrendszerrel rendelkezik a j\u00f3 gyakorlatok<\/li>\n<li>m\u0171k\u00f6dtet\u00e9s\u00e9hez, bemutat\u00e1s\u00e1hoz. Tantest\u00fclet\u00fcnk egy r\u00e9sze m\u00f3dszertanilag felk\u00e9sz\u00fclt a bels\u0151 k\u00e9pz\u00e9sek<\/li>\n<li>megtart\u00e1s\u00e1ra, bemutat\u00f3kra is. Iskol\u00e1nk innovat\u00edv jelleg\u00e9t mutatj\u00e1k versenyeredm\u00e9nyeink,<\/li>\n<li>tov\u00e1bbtanul\u00e1si mutat\u00f3ink, kompetenciam\u00e9r\u00e9si eredm\u00e9nyeink.<\/li>\n<li>Sz\u00e9lesed\u0151 oktat\u00e1si kapcsolatrendszer\u00fcnk is el\u0151seg\u00edti munk\u00e1nk eredm\u00e9nyess\u00e9g\u00e9nek k\u00f6zvet\u00edt\u00e9s\u00e9t.<\/li>\n<\/ul>\n<p>Iskol\u00e1nk regisztr\u00e1lt a Tehets\u00e9gpont-h\u00e1l\u00f3zat Online rendszer\u00e9be (tehets\u00e9ggondoz\u00e1s az \u00f6kol\u00f3gia, a vizu\u00e1lis nevel\u00e9s, a matematika \u00e9s a sport ter\u00fclet\u00e9n), amely tov\u00e1bbi lehet\u0151s\u00e9get teremt a nevel\u00e9si- oktat\u00e1si int\u00e9zm\u00e9nyekkel t\u00f6rt\u00e9n\u0151 egy\u00fcttm\u0171k\u00f6d\u00e9sre; seg\u00edti a p\u00e1ly\u00e1zatok figyelemmel k\u00eds\u00e9r\u00e9s\u00e9t, r\u00e9szv\u00e9telt azokban a p\u00e1ly\u00e1zatokban, amelyek a tehets\u00e9ges gyerekekkel t\u00f6rt\u00e9n\u0151 foglakoz\u00e1sokat t\u00e1mogatj\u00e1k.<br \/>\nKor\u00e1bbi p\u00e1ly\u00e1zataink (T\u00c1MOP 3.1.4, TIOP 1.1.1-07, TIOP1.1.1-09, T\u00c1MPO 3.1.7) fenntart\u00e1si id\u0151szak\u00e1t \u00e9lj\u00fck.<\/p>\n<p>&nbsp;<\/p>\n","protected":false},"excerpt":{"rendered":"<p>2010-ben int\u00e9zm\u00e9ny\u00fcnk \u2013 az Educatio fel\u00fclet\u00e9n k\u00f6zz\u00e9tett j\u00f3 gyakorlatok \u00e9s elk\u00e9sz\u00edtett int\u00e9zm\u00e9nyi fejleszt\u00e9si terv alapj\u00e1n &#8211; megfelelt az el\u0151min\u0151s\u00edt\u00e9si folyamatban. 2012. december\u00e9ben lez\u00e1rult a referencia int\u00e9zm\u00e9nny\u00e9 v\u00e1l\u00e1shoz sz\u00fcks\u00e9gest k\u00e9pz\u00e9seket, szakmai tev\u00e9kenys\u00e9geket t\u00e1mogat\u00f3 p\u00e1ly\u00e1zatunk (T\u00c1MOP 3.1.7.) A 2013\/14. tan\u00e9vben jelentkezt\u00fcnk az [&hellip;]<\/p>\n","protected":false},"author":1,"featured_media":0,"parent":0,"menu_order":0,"comment_status":"closed","ping_status":"closed","template":"","meta":{"ngg_post_thumbnail":0,"footnotes":""},"_links":{"self":[{"href":"https:\/\/ecsiskola.hu\/web\/wp-json\/wp\/v2\/pages\/314"}],"collection":[{"href":"https:\/\/ecsiskola.hu\/web\/wp-json\/wp\/v2\/pages"}],"about":[{"href":"https:\/\/ecsiskola.hu\/web\/wp-json\/wp\/v2\/types\/page"}],"author":[{"embeddable":true,"href":"https:\/\/ecsiskola.hu\/web\/wp-json\/wp\/v2\/users\/1"}],"replies":[{"embeddable":true,"href":"https:\/\/ecsiskola.hu\/web\/wp-json\/wp\/v2\/comments?post=314"}],"version-history":[{"count":3,"href":"https:\/\/ecsiskola.hu\/web\/wp-json\/wp\/v2\/pages\/314\/revisions"}],"predecessor-version":[{"id":350,"href":"https:\/\/ecsiskola.hu\/web\/wp-json\/wp\/v2\/pages\/314\/revisions\/350"}],"wp:attachment":[{"href":"https:\/\/ecsiskola.hu\/web\/wp-json\/wp\/v2\/media?parent=314"}],"curies":[{"name":"wp","href":"https:\/\/api.w.org\/{rel}","templated":true}]}}