{"id":321,"date":"2024-01-19T18:46:59","date_gmt":"2024-01-19T17:46:59","guid":{"rendered":"https:\/\/ecsiskola.hu\/web\/?page_id=321"},"modified":"2024-06-18T14:56:37","modified_gmt":"2024-06-18T12:56:37","slug":"hatartalanul","status":"publish","type":"page","link":"https:\/\/ecsiskola.hu\/web\/hatartalanul\/","title":{"rendered":"Hat\u00e1rtalanul!"},"content":{"rendered":"<p>Az \u00c9csi Pet\u0151fi S\u00e1ndor \u00c1ltal\u00e1nos Iskola 7. oszt\u00e1lyos tanul\u00f3i a Hat\u00e1rtalanul p\u00e1ly\u00e1zat keret\u00e9ben 2024. j\u00fanius 5-7-ig felkerest\u00e9k a r\u00e9gi t\u00f6rt\u00e9nelmi eml\u00e9keket Szlov\u00e9ni\u00e1ban \u00e9s Horv\u00e1torsz\u00e1gban.<\/p>\n<p>Az els\u0151 napon Lendva v\u00e1ros k\u00f6zpontj\u00e1val ismerkedt\u00fcnk meg. A v\u00e1rosn\u00e9z\u00e9st k\u00f6vet\u0151en fels\u00e9t\u00e1ltunk a v\u00e1rba, ahol megtekintett\u00fck\u00a0\u00a0 a B\u00e1nffy-Esterh\u00e1zy kast\u00e9ly ki\u00e1ll\u00edt\u00e1s\u00e1t.\u00a0 Ezt k\u00f6vet\u0151en\u00a0 megl\u00e1togattuk a Szent Katalin pl\u00e9b\u00e1niatemplomot, ahol k\u00f6z\u00f6s \u00e9nekl\u00e9sre ker\u00fclt sor. A hely kiv\u00e1l\u00f3 akusztik\u00e1j\u00e1nak k\u00f6sz\u00f6nhet\u0151en csod\u00e1latos hangz\u00e1st \u00e9rt\u00fcnk el. Megn\u00e9zt\u00fck a\u00a0 Szent Istv\u00e1n szobrot, a Makovecz Imre \u00e1ltal \u00e9p\u00edtett kult\u00farpalot\u00e1t .Ezt k\u00f6vet\u0151en l\u00e1togat\u00e1st tett\u00fcnk Lendv\u00e1n a Magyar Nemzetis\u00e9gi M\u0171vel\u0151d\u00e9si Int\u00e9zetben, ahol el\u0151ad\u00e1st tartott az itt \u00e9l\u0151 magyarok \u00e9let\u00e9r\u0151l, helyzet\u00e9r\u0151l So\u00f3s Mih\u00e1ly. Felkapaszkodtunk a lendvai sz\u0151l\u0151hegyre, ahol felkerest\u00fck a Szenth\u00e1roms\u00e1g k\u00e1poln\u00e1t, ahol Hadik Mih\u00e1ly t\u00f6r\u00f6kver\u0151 hadvez\u00e9r van eltemetve. A d\u00e9lut\u00e1n folyam\u00e1n helyi \u0151stermel\u0151i gazdas\u00e1got l\u00e1togattunk meg, a Luszt paradicsomfarmot. Itt egy bemutat\u00f3ra ker\u00fclt sor a geotermikus paradicsom termeszt\u00e9s\u00e9r\u0151l. A r\u00e9szletes t\u00e1j\u00e9koztat\u00f3 \u00e9s bemutat\u00f3 ut\u00e1n k\u00f3stol\u00e1sra \u00e9s v\u00e1s\u00e1rl\u00e1sra is volt lehet\u0151s\u00e9g. A t\u00f6rt\u00e9nelmi nyugat-dun\u00e1nt\u00fali \u0150rvid\u00e9k k\u00f6z\u00e9pkori eml\u00e9keinek egyik kiemelked\u0151 telep\u00fcl\u00e9se B\u00e1ntornya. A B\u00e1nffy-csal\u00e1dhoz f\u0171z\u0151d\u0151 \u00c1rp\u00e1d-kori templomon rom\u00e1n \u00e9s g\u00f3tikus st\u00edlusjegyeket egyar\u00e1nt fellehet\u00fcnk,\u00a0 ezeket tanulm\u00e1nyoztuk a tanul\u00f3kkal.<\/p>\n<p>A\u00a0 falain Aquila J\u00e1nos gy\u00f6ny\u00f6r\u0171 fresk\u00f3it l\u00e1thatjuk, k\u00f6zt\u00fck a Szent L\u00e1szl\u00f3 legend\u00e1t is. K\u00e9s\u0151 d\u00e9lut\u00e1n\u00a0 s\u00e9t\u00e1t tett\u00fcnk a Bak\u00f3naki-t\u00f3 t\u00f3n\u00e1l, a Szent Vid forr\u00e1st \u00e9s k\u00e1poln\u00e1t n\u00e9zt\u00fck meg, \u00e9s ittunk a friss forr\u00e1sv\u00edzb\u0151l.. Sz\u00e1ll\u00e1s Magyarorsz\u00e1gon, \u0150rimagyar\u00f3sdon, mivel a Szlov\u00e9ni\u00e1ban,\u00a0 a Lendv\u00e1n tal\u00e1lt sz\u00e1ll\u00e1sok \u00e1ra sokkal magasabb volt.<\/p>\n<p>A m\u00e1sodik nap a Fium\u00e9hez tartoz\u00f3 Tersattoba l\u00e1togattunk. A Tersattoi M\u00e1ria b\u00facs\u00faj\u00e1r\u00f3 templom k\u00e1poln\u00e1ja magyar hadihaj\u00f3k eml\u00e9k\u00e9t \u0151rzi. &#8222;Az eg\u00e9sz magyar hadiflotta itt par\u00e1d\u00e9zik a tersatt\u00f3i k\u00e1polna bels\u0151 fal\u00e1n.&#8221; Fels\u00e9t\u00e1ltunk Tersatto v\u00e1r\u00e1ba, megismerkedt\u00fcnk Fiume t\u00f6rt\u00e9nelmi belv\u00e1ros\u00e1val:\u00a0 a korz\u00f3n tal\u00e1lhat\u00f3 \u00d3ratoronnyal, a kik\u00f6t\u0151vel \u00e9s annak magyar felirataival. Megl\u00e1togattuk a magyar id\u0151ben \u00e9p\u00fclt piacot, a sz\u00ednh\u00e1zat, \u00e9s egy\u00e9b fontos \u00e9p\u00fcleteket tekintett\u00fck meg: a Korm\u00e1nyz\u00f3i Palota, a Magyar Kir\u00e1lyi Tenger\u00e9szeti Hat\u00f3s\u00e1g \u00e9p\u00fclete, az Adria-palota \u00e9s az Adria Magyar Kir\u00e1lyi Tengerhaj\u00f3z\u00e1si Rt. sz\u00e9kh\u00e1za. Felkerest\u00fck a magyar felirat\u00fa kik\u00f6t\u0151i b\u00f3j\u00e1kat \u00e9s a Baross eml\u00e9kt\u00e1bl\u00e1t. Elhagytuk a kik\u00f6t\u0151t \u00e9s az egykori Andr\u00e1ssy \u00faton kereszt\u00fcl meg\u00e9rkezt\u00fcnk a valamikori Kossuth Lajos Korz\u00f3ra. A v\u00e1rosn\u00e9z\u00e9s ut\u00e1n maradt annyi szabadid\u0151, hogy lemehett\u00fcnk m\u00e9g a tengerpartra, majd a sz\u00e1ll\u00e1s elfoglal\u00e1sa k\u00f6vetkezett.<\/p>\n<p>Varasd mintegy 20 \u00e9vig Horv\u00e1torsz\u00e1g f\u0151v\u00e1rosa volt. V\u00e1rosn\u00e9z\u00e9s\u00fcnk sor\u00e1n felkerest\u00fck az Erd\u0151dyek v\u00e1rkast\u00e9ly\u00e1t, \u00e9s tett\u00fcnk egy s\u00e9t\u00e1t Eur\u00f3pa tal\u00e1n legszebb barokk belv\u00e1ros\u00e1ban. Itt tal\u00e1lhat\u00f3 a Megyeh\u00e1za, a Draskovics Palota, a sz\u00e9kesegyh\u00e1z \u00e9s a gy\u00f6ny\u00f6r\u0171 v\u00e1rosh\u00e1za is. Cs\u00e1ktornya: S\u00e9t\u00e1t tett\u00fcnk a Zr\u00ednyiek sasf\u00e9szk\u00e9ben. A v\u00e1rban \u00e1ll\u00edtott\u00e1k fel azt az obeliszket amely a vad\u00e1sz balesetben elhunyt Zr\u00ednyi Mikl\u00f3snak \u00e1ll\u00edt eml\u00e9ket. Ismertett\u00fck a trag\u00e9dia k\u00f6r\u00fclm\u00e9nyeit. A bej\u00e1rat\u00e1n\u00e1l tal\u00e1lhat\u00f3 \u201eZr\u00ednyi P\u00e9ter b\u00facs\u00faja\u201d eml\u00e9km\u0171n\u00e9l felid\u00e9zt\u00fck a Wessel\u00e9nyi-f\u00e9le \u00f6sszeesk\u00fcv\u00e9s t\u00f6rt\u00e9net\u00e9t, amely Zr\u00ednyi P\u00e9ter \u00e9s Frangep\u00e1n Ferenc kiv\u00e9gz\u00e9s\u00e9hez is vezetett. A megeml\u00e9kez\u00e9s sor\u00e1n elhelyezt\u00fck az otthonr\u00f3l hozott nemzeti koszor\u00fat, \u00e9s f\u0151hajt\u00e1ssal tisztelegt\u00fcnk kiv\u00e1l\u00f3 \u0151seink el\u0151tt.<\/p>\n<p><img loading=\"lazy\" decoding=\"async\" class=\"\" src=\"https:\/\/ecsiskola.hu\/web\/wp-content\/uploads\/2024\/06\/bga_alap_logo-pdf-1.jpg\" alt=\"\" width=\"152\" height=\"149\" \/> <img loading=\"lazy\" decoding=\"async\" class=\"\" src=\"https:\/\/ecsiskola.hu\/web\/wp-content\/uploads\/2024\/06\/megvalosult-logo-pdf-1-300x266.jpg\" alt=\"\" width=\"141\" height=\"125\" \/> <img loading=\"lazy\" decoding=\"async\" src=\"https:\/\/ecsiskola.hu\/web\/wp-content\/uploads\/2024\/01\/Uj_hatartalanul_logo-300x184-1-e1718343735875.jpg\" alt=\"\" width=\"147\" height=\"90\" \/><\/p>\n<p><img loading=\"lazy\" decoding=\"async\" src=\"https:\/\/ecsiskola.hu\/web\/wp-content\/uploads\/2024\/06\/hatartlanul2-300x225.jpg\" alt=\"\" width=\"300\" height=\"225\" \/> <img loading=\"lazy\" decoding=\"async\" src=\"https:\/\/ecsiskola.hu\/web\/wp-content\/uploads\/2024\/06\/hatartalanul-300x225.jpg\" alt=\"\" width=\"300\" height=\"225\" \/><\/p>\n<p>&nbsp;<\/p>\n<p><img loading=\"lazy\" decoding=\"async\" class=\"size-full wp-image-337 aligncenter\" src=\"https:\/\/ecsiskola.hu\/web\/wp-content\/uploads\/2024\/01\/hatartalanul_logo_m.jpg\" alt=\"Hat\u00e1rtalanul log\u00f3\" width=\"150\" height=\"137\" \/><\/p>\n<p>Az \u00c9csi Pet\u0151fi S\u00e1ndor \u00c1ltal\u00e1nos Iskola \u00e9s AMI 2016 m\u00e1rcius\u00e1ban p\u00e1ly\u00e1zatot ny\u00fajtott be az Emberi Er\u0151forr\u00e1sok Miniszt\u00e9rium\u00e1hoz T\u00f6rt\u00e9nelmi eml\u00e9kek nyom\u00e1ban a <em>Felvid\u00e9ken<\/em> c\u00edmmel, amely pozit\u00edv elb\u00edr\u00e1l\u00e1sban r\u00e9szes\u00fclt.<\/p>\n<p>A 7. oszt\u00e1lyos tanul\u00f3knak el\u0151zetes feladatokat kellett megoldaniuk, el\u0151k\u00e9sz\u00edt\u0151 \u00f3r\u00e1n vettek r\u00e9szt az utaz\u00e1st megel\u0151z\u0151en.<\/p>\n<p><strong>A kir\u00e1ndul\u00e1s c\u00e9lja:<\/strong><\/p>\n<p>A Felvid\u00e9k kultur\u00e1lis, t\u00f6rt\u00e9nelmi \u00e9s term\u00e9szeti \u00e9rt\u00e9keinek megismer\u00e9se, a magyars\u00e1gtudat er\u0151s\u00edt\u00e9se a tanul\u00f3kban.<\/p>\n<p><strong>A k\u00e9tnapos kir\u00e1ndul\u00e1s helysz\u00ednei:<\/strong><\/p>\n<p>R\u00e9vkom\u00e1rom,\u00c9rsek\u00fajv\u00e1r, \u00d3gyalla ,Nyitra, Trencs\u00e9n, Nagyszombat,D\u00e9v\u00e9ny, Pozsony. Az \u00fat sor\u00e1n megismerkednek a ter\u00fclethez kapcsol\u00f3d\u00f3 \u00edr\u00f3k munk\u00e1ss\u00e1g\u00e1val is.<\/p>\n<p><img loading=\"lazy\" decoding=\"async\" class=\"alignnone size-full wp-image-336\" src=\"https:\/\/ecsiskola.hu\/web\/wp-content\/uploads\/2024\/01\/Hatartalanul.Logo_.jpg\" alt=\"Hat\u00e1rtalanul\" width=\"900\" height=\"200\" srcset=\"https:\/\/ecsiskola.hu\/web\/wp-content\/uploads\/2024\/01\/Hatartalanul.Logo_.jpg 900w, https:\/\/ecsiskola.hu\/web\/wp-content\/uploads\/2024\/01\/Hatartalanul.Logo_-300x67.jpg 300w, https:\/\/ecsiskola.hu\/web\/wp-content\/uploads\/2024\/01\/Hatartalanul.Logo_-768x171.jpg 768w\" sizes=\"(max-width: 900px) 100vw, 900px\" \/><\/p>\n","protected":false},"excerpt":{"rendered":"<p>Az \u00c9csi Pet\u0151fi S\u00e1ndor \u00c1ltal\u00e1nos Iskola 7. oszt\u00e1lyos tanul\u00f3i a Hat\u00e1rtalanul p\u00e1ly\u00e1zat keret\u00e9ben 2024. j\u00fanius 5-7-ig felkerest\u00e9k a r\u00e9gi t\u00f6rt\u00e9nelmi eml\u00e9keket Szlov\u00e9ni\u00e1ban \u00e9s Horv\u00e1torsz\u00e1gban. Az els\u0151 napon Lendva v\u00e1ros k\u00f6zpontj\u00e1val ismerkedt\u00fcnk meg. A v\u00e1rosn\u00e9z\u00e9st k\u00f6vet\u0151en fels\u00e9t\u00e1ltunk a v\u00e1rba, ahol megtekintett\u00fck\u00a0\u00a0 [&hellip;]<\/p>\n","protected":false},"author":1,"featured_media":0,"parent":0,"menu_order":0,"comment_status":"closed","ping_status":"closed","template":"","meta":{"ngg_post_thumbnail":0,"footnotes":""},"_links":{"self":[{"href":"https:\/\/ecsiskola.hu\/web\/wp-json\/wp\/v2\/pages\/321"}],"collection":[{"href":"https:\/\/ecsiskola.hu\/web\/wp-json\/wp\/v2\/pages"}],"about":[{"href":"https:\/\/ecsiskola.hu\/web\/wp-json\/wp\/v2\/types\/page"}],"author":[{"embeddable":true,"href":"https:\/\/ecsiskola.hu\/web\/wp-json\/wp\/v2\/users\/1"}],"replies":[{"embeddable":true,"href":"https:\/\/ecsiskola.hu\/web\/wp-json\/wp\/v2\/comments?post=321"}],"version-history":[{"count":5,"href":"https:\/\/ecsiskola.hu\/web\/wp-json\/wp\/v2\/pages\/321\/revisions"}],"predecessor-version":[{"id":748,"href":"https:\/\/ecsiskola.hu\/web\/wp-json\/wp\/v2\/pages\/321\/revisions\/748"}],"wp:attachment":[{"href":"https:\/\/ecsiskola.hu\/web\/wp-json\/wp\/v2\/media?parent=321"}],"curies":[{"name":"wp","href":"https:\/\/api.w.org\/{rel}","templated":true}]}}