{"id":35,"date":"2024-01-13T09:48:25","date_gmt":"2024-01-13T08:48:25","guid":{"rendered":"https:\/\/ecsiskola.hu\/web\/?page_id=35"},"modified":"2024-01-13T14:21:38","modified_gmt":"2024-01-13T13:21:38","slug":"elerhetosegek","status":"publish","type":"page","link":"https:\/\/ecsiskola.hu\/web\/elerhetosegek\/","title":{"rendered":"El\u00e9rhet\u0151s\u00e9gek"},"content":{"rendered":"\r\n<p><strong>Az int\u00e9zm\u00e9ny neve:<\/strong><\/p>\r\n\r\n\r\n\r\n<p>\u00c9csi Pet\u0151fi S\u00e1ndor \u00c1ltal\u00e1nos Iskola \u00e9s Alapfok\u00fa M\u0171v\u00e9szeti Iskola<\/p>\r\n\r\n\r\n\r\n<p><strong>Sz\u00e9khely Int\u00e9zm\u00e9ny:<\/strong><br \/>9083 \u00c9cs, Kossuth u. 41.<br \/>Tel\/fax.: 96 \/ 473-069<br \/>E-mail: <a href=\"mailto:ecsiskola@gmail.com\">ecsiskola@gmail.com<\/a><\/p>\r\n\r\n\r\n\r\n<p><strong>Tagint\u00e9zm\u00e9nyek:<\/strong><br \/>\u00c9csi Pet\u0151fi S\u00e1ndor \u00c1ltal\u00e1nos Iskola \u00e9s Alapfok\u00fa M\u0171v\u00e9szeti Iskola IV. B\u00e9la Tagint\u00e9zm\u00e9nye<br \/>9091 Ravazd, F\u0151 u. 1.<br \/>Tel: 96 \/ 474-198<\/p>\r\n\r\n\r\n\r\n<p><strong>A tagiskola telephelye:<\/strong><br \/>9091 Ravazd, F\u0151 u. 1.<\/p>\r\n\r\n\r\n\r\n<p><strong>Az int\u00e9zm\u00e9ny vezet\u0151je: <\/strong>Kocsisn\u00e9 N\u00e9meth Ilona<\/p>\r\n\r\n\r\n\r\n<p><strong>A tagint\u00e9zm\u00e9ny-vezet\u0151<\/strong>: Ress Brigitta<\/p>\r\n<p>&nbsp;<\/p>\r\n","protected":false},"excerpt":{"rendered":"<p>Az int\u00e9zm\u00e9ny neve: \u00c9csi Pet\u0151fi S\u00e1ndor \u00c1ltal\u00e1nos Iskola \u00e9s Alapfok\u00fa M\u0171v\u00e9szeti Iskola Sz\u00e9khely Int\u00e9zm\u00e9ny:9083 \u00c9cs, Kossuth u. 41.Tel\/fax.: 96 \/ 473-069E-mail: ecsiskola@gmail.com Tagint\u00e9zm\u00e9nyek:\u00c9csi Pet\u0151fi S\u00e1ndor \u00c1ltal\u00e1nos Iskola \u00e9s Alapfok\u00fa M\u0171v\u00e9szeti Iskola IV. B\u00e9la Tagint\u00e9zm\u00e9nye9091 Ravazd, F\u0151 u. 1.Tel: 96 \/ [&hellip;]<\/p>\n","protected":false},"author":1,"featured_media":0,"parent":0,"menu_order":0,"comment_status":"closed","ping_status":"closed","template":"","meta":{"ngg_post_thumbnail":0,"footnotes":""},"_links":{"self":[{"href":"https:\/\/ecsiskola.hu\/web\/wp-json\/wp\/v2\/pages\/35"}],"collection":[{"href":"https:\/\/ecsiskola.hu\/web\/wp-json\/wp\/v2\/pages"}],"about":[{"href":"https:\/\/ecsiskola.hu\/web\/wp-json\/wp\/v2\/types\/page"}],"author":[{"embeddable":true,"href":"https:\/\/ecsiskola.hu\/web\/wp-json\/wp\/v2\/users\/1"}],"replies":[{"embeddable":true,"href":"https:\/\/ecsiskola.hu\/web\/wp-json\/wp\/v2\/comments?post=35"}],"version-history":[{"count":6,"href":"https:\/\/ecsiskola.hu\/web\/wp-json\/wp\/v2\/pages\/35\/revisions"}],"predecessor-version":[{"id":58,"href":"https:\/\/ecsiskola.hu\/web\/wp-json\/wp\/v2\/pages\/35\/revisions\/58"}],"wp:attachment":[{"href":"https:\/\/ecsiskola.hu\/web\/wp-json\/wp\/v2\/media?parent=35"}],"curies":[{"name":"wp","href":"https:\/\/api.w.org\/{rel}","templated":true}]}}