{"id":78,"date":"2024-01-17T17:30:40","date_gmt":"2024-01-17T16:30:40","guid":{"rendered":"https:\/\/ecsiskola.hu\/web\/?page_id=78"},"modified":"2025-10-02T15:08:43","modified_gmt":"2025-10-02T13:08:43","slug":"intezmenyunk-ma","status":"publish","type":"page","link":"https:\/\/ecsiskola.hu\/web\/intezmenyunk-ma\/","title":{"rendered":"Int\u00e9zm\u00e9ny\u00fcnk ma"},"content":{"rendered":"<p><strong>Jelenlegi helyzetelemz\u00e9s: Az int\u00e9zm\u00e9ny neve, szerkezete<\/strong><\/p>\n<p><strong>Az int\u00e9zm\u00e9ny neve: <\/strong>\u00c9csi Pet\u0151fi S\u00e1ndor \u00c1ltal\u00e1nos Iskola \u00e9s Alapfok\u00fa M\u0171v\u00e9szeti Iskola<\/p>\n<p><img loading=\"lazy\" decoding=\"async\" class=\"wp-image-277 aligncenter\" src=\"https:\/\/ecsiskola.hu\/web\/wp-content\/uploads\/2024\/01\/intezmenyek-ma.jpg\" alt=\"\" width=\"435\" height=\"326\" srcset=\"https:\/\/ecsiskola.hu\/web\/wp-content\/uploads\/2024\/01\/intezmenyek-ma.jpg 640w, https:\/\/ecsiskola.hu\/web\/wp-content\/uploads\/2024\/01\/intezmenyek-ma-300x225.jpg 300w\" sizes=\"(max-width: 435px) 100vw, 435px\" \/><\/p>\n<p><strong>Az int\u00e9zm\u00e9ny sz\u00e9khelye:<\/strong><br \/>\n9083 \u00c9cs, Kossuth u. 41.<br \/>\nTel\/fax.: 96 \/ 473-069<br \/>\nE-mail: <a href=\"mailto:ecsiskola@gmail.com\">ecsiskola@gmail.com<\/a><\/p>\n<p><strong>Tagint\u00e9zm\u00e9nyek:<\/strong><br \/>\n\u00c9csi Pet\u0151fi S\u00e1ndor \u00c1ltal\u00e1nos Iskola \u00e9s Alapfok\u00fa M\u0171v\u00e9szeti Iskola IV. B\u00e9la Tagint\u00e9zm\u00e9nye<br \/>\n9091 Ravazd, F\u0151 u. 1.<br \/>\nTel: 96 \/ 474-198<\/p>\n<p><strong>Az int\u00e9zm\u00e9ny f\u0151igazgat\u00f3ja:<\/strong> Kocsisn\u00e9 N\u00e9meth Ilona<br \/>\n<strong>A tagiskola ir\u00e1ny\u00edt\u00e1s\u00e1val megb\u00edzott: Ress Brigitta<\/strong><\/p>\n<p><strong>Az int\u00e9zm\u00e9ny fenntart\u00f3ja (t\u00e1rsul\u00e1si szerz\u0151d\u00e9s szerint):<\/strong> Gy\u0151ri Tanker\u00fcleti K\u00f6zpont, 9022 Gy\u0151r, Liszt Ferenc utca 17.<\/p>\n<p><strong>T\u00e1rgyi, dologi felt\u00e9telek<\/strong><\/p>\n<ul>\n<li>Iskol\u00e1nk f\u0151\u00e9p\u00fclet\u00e9ben tal\u00e1lhat\u00f3:\n<ul>\n<li>aula,<\/li>\n<li>9 oszt\u00e1lyterem,<\/li>\n<li>term\u00e9szettudom\u00e1nyos szaktanterem szert\u00e1rral,<\/li>\n<li>rajz-technika szaktanterem,<\/li>\n<li>t\u00f6rt\u00e9nelem-\u00e9nek szaktanterem,<\/li>\n<li>kis nyelvi terem,<\/li>\n<li>sz\u00e1m\u00edt\u00e1stechnika-terem,<\/li>\n<li>tornaterem,<\/li>\n<li>tan\u00e1ri szob\u00e1k,<\/li>\n<li>irod\u00e1k,<\/li>\n<li>kiszolg\u00e1l\u00f3 helyis\u00e9gek (vizesblokk),<\/li>\n<li>egy\u00e9b tan\u00f3r\u00e1n k\u00edv\u00fcli tev\u00e9kenys\u00e9gekre ig\u00e9nybe vehet\u0151 terem<\/li>\n<li>foglalkoztat\u00f3 szoba<\/li>\n<li>\u00e9tterem (rendezv\u00e9nyek lebonyol\u00edt\u00e1s\u00e1ra is alkalmas)<\/li>\n<\/ul>\n<\/li>\n<li>A tagiskol\u00e1ban 4 tanterem, tornaterem \u00e9s rajz szaktanterem \u00e1ll az als\u00f3s tanul\u00f3csoportok rendelkez\u00e9s\u00e9re.<\/li>\n<li>A k\u00f6zs\u00e9givel \u00f6sszevont iskolai k\u00f6nyvt\u00e1r \u00c9csen a M\u0171vel\u0151d\u00e9si h\u00e1zban, Ravazdon az iskol\u00e1val k\u00f6z\u00f6s \u00e9p\u00fcletben t\u00f6bb, mint 4 ezer k\u00f6tettel v\u00e1rja a tanul\u00f3kat, pedag\u00f3gusokat, de a k\u00f6z\u00e9piskol\u00e1sok is k\u00f6lcs\u00f6n\u00f6zhetnek t\u0151l\u00fcnk.<\/li>\n<\/ul>\n<p><strong>Szem\u00e9lyi felt\u00e9telek<\/strong><\/p>\n<p>Az iskola pedag\u00f3gus dolgoz\u00f3inak l\u00e9tsz\u00e1ma: 24 f\u0151<\/p>\n<ul>\n<li>egyetemen tan\u00e1ri szakon v\u00e9gzett: 5 f\u0151<\/li>\n<li>f\u0151iskol\u00e1n tan\u00e1ri szakon v\u00e9gzett: 8 f\u0151<\/li>\n<li>f\u0151iskol\u00e1n tan\u00edt\u00f3i szakon v\u00e9gzett: 11 f\u0151<\/li>\n<li>m\u0171v\u00e9szetoktat\u00e1sban tan\u00edt: 5 f\u0151<\/li>\n<li>pedag\u00f3giai asszisztens 2 f\u0151<\/li>\n<li>k\u00f6zoktat\u00e1si vezet\u0151 v\u00e9gzetts\u00e9g\u0171: 3 f\u0151<\/li>\n<li>mesterpedag\u00f3gus 2 f\u0151<\/li>\n<li>Iskol\u00e1nkban a hitoktat\u00e1st szakember v\u00e9gzi.<\/li>\n<li>technikai dolgoz\u00f3: 6 f\u0151<\/li>\n<li>A tanul\u00f3l\u00e9tsz\u00e1m a tagint\u00e9zm\u00e9nnyel egy\u00fctt 300 f\u0151 k\u00f6r\u00fcl van<\/li>\n<\/ul>\n<p style=\"text-align: justify;\">Iskol\u00e1nkban a tanul\u00f3ink munk\u00e1hoz val\u00f3 viszonya j\u00f3. Ezt t\u00fckr\u00f6zik tanulm\u00e1nyi eredm\u00e9nyeink, kompetenciam\u00e9r\u00e9si mutat\u00f3ink, versenyeredm\u00e9nyeink \u00e9s a tov\u00e1bbtanul\u00e1sok visszajelz\u00e9sei is ezt igazolj\u00e1k.<\/p>\n<p style=\"text-align: justify;\">Telep\u00fcl\u00e9s\u00fcnk pozit\u00edv adotts\u00e1gait figyelembe v\u00e9ve \u2013 kedvez\u0151 ter\u00fcleti elhelyezked\u00e9s, telep\u00fcl\u00e9s lakoss\u00e1g\u00e1nak \u00f6sszet\u00e9tele, nyitotts\u00e1ga, t\u00f6rekv\u00e9sei &#8211; lehet\u0151s\u00e9g van a magas sz\u00ednvonal\u00fa oktat\u00f3-nevel\u0151 munka tervez\u00e9s\u00e9re, folyamatos fejleszt\u00e9s\u00e9re, az eddig kialak\u00edtott \u00e9s bev\u00e1lt szok\u00e1sok, kapcsolatok megtart\u00e1s\u00e1val, \u00e1pol\u00e1s\u00e1val.<\/p>\n<p style=\"text-align: justify;\">Int\u00e9zm\u00e9ny\u00fcnk fejl\u0151d\u00e9s\u00e9t az elm\u00falt \u00e9vekben nagy m\u00e9rt\u00e9kben seg\u00edtett\u00e9k a T\u00c1MOP \u00e9s TIOP keret\u00e9ben meghirdetett \u00e9s elnyert p\u00e1ly\u00e1zatok.<\/p>\n<p style=\"text-align: justify;\">Jelenleg \u00fajabb p\u00e1ly\u00e1zatunk v\u00e1r elb\u00edr\u00e1l\u00e1sra Referencia-int\u00e9zm\u00e9nyek orsz\u00e1gos h\u00e1l\u00f3zat\u00e1nak kialak\u00edt\u00e1sa \u00e9s felk\u00e9sz\u00edt\u00e9se c\u00edmmel. 2010 nyar\u00e1n int\u00e9zm\u00e9ny\u00fcnk valamennyi telephelye -iskol\u00e1ink \u00e9s \u00f3vod\u00e1ink is \u2013 sikeresen vett r\u00e9szt az el\u0151min\u0151s\u00edt\u00e9sen, ahol a referencia int\u00e9zm\u00e9nyi szerepre t\u00f6rt\u00e9n\u0151 felk\u00e9sz\u00fcl\u00e9st, alapdokumentumainkat, j\u00f3 gyakorlatainkat vizsg\u00e1lt\u00e1k.<\/p>\n<p style=\"text-align: justify;\">A referencia int\u00e9zm\u00e9ny egyedi, m\u00e1s int\u00e9zm\u00e9nyek sz\u00e1m\u00e1ra is p\u00e9lda\u00e9rt\u00e9k\u0171, m\u0171k\u00f6d\u00e9s\u00e9ben koherens, befogad\u00f3, gyermekk\u00f6zpont\u00fa pedag\u00f3giai gyakorlattal, szervezeti innov\u00e1ci\u00f3val rendelkez\u0151, \u00e9s ezt szolg\u00e1ltat\u00e1saiban publik\u00e1lni, valamint \u00e1tadni k\u00e9pes int\u00e9zm\u00e9ny.<\/p>\n<p style=\"text-align: justify;\">2010-ben int\u00e9zm\u00e9ny\u00fcnk-a k\u00f6zz\u00e9tett j\u00f3 gyakorlatok \u00e9s elk\u00e9sz\u00edtett int\u00e9zm\u00e9nyi fejleszt\u00e9si terv alapj\u00e1n &#8211; megfelelt a referenciaint\u00e9zm\u00e9nyi el\u0151min\u0151s\u00edt\u00e9si folyamatban.<br \/>\n2012. december\u00e9ben lez\u00e1rult a referencia int\u00e9zm\u00e9nny\u00e9 v\u00e1l\u00e1shoz sz\u00fcks\u00e9gest k\u00e9pz\u00e9seket, szakmai tev\u00e9kenys\u00e9geket t\u00e1mogat\u00f3 p\u00e1ly\u00e1zatunk (T\u00c1MOP 3.1.7.)<br \/>\nA 2013\/14. tan\u00e9vben jelentkezt\u00fcnk az int\u00e9zm\u00e9ny min\u0151s\u00edt\u00e9s\u00e9nek z\u00e1r\u00f3 szakasz\u00e1ra.<br \/>\nAz Educati\u00f3 fel\u00fclet\u00e9re felt\u00f6lt\u00f6tt\u00fck az ehhez sz\u00fcks\u00e9ges anyagokat, majd ennek elfogad\u00e1sa ut\u00e1n a 3 f\u0151s min\u0151s\u00edt\u0151 test\u00fclet az \u00c9csi Pet\u0151fi S\u00e1ndor \u00c1ltal\u00e1nos Iskola \u00e9s AMI Sz\u00e9khely Int\u00e9zm\u00e9ny\u00e9ben a min\u0151s\u00edt\u00e9si elj\u00e1r\u00e1st lefolytatta. Az \u00e9rt\u00e9kel\u00e9shez sz\u00fcks\u00e9ges dokument\u00e1ci\u00f3t megvizsg\u00e1lta. Az int\u00e9zm\u00e9ny \u00e1ltal meghat\u00e1rozott fejleszt\u00e9si terv megval\u00f3s\u00edt\u00e1s\u00e1t, a referenciater\u00fcleti j\u00f3 gyakorlatot, az int\u00e9zm\u00e9ny- bemutat\u00f3 gy\u0171jtem\u00e9nyt \u00e9s a prezent\u00e1ci\u00f3 tartalm\u00e1t ellen\u0151rizte \u00e9s \u00e9rt\u00e9kelte.<br \/>\nA fentiek alapj\u00e1n a min\u0151s\u00edt\u0151 test\u00fclet az int\u00e9zm\u00e9nyt referenciaint\u00e9zm\u00e9nny\u00e9 min\u0151s\u00edtette.<br \/>\nA hat\u00e1rozat \u00e9rtelm\u00e9ben az int\u00e9zm\u00e9ny \u201eMin\u0151s\u00edtett referenciaint\u00e9zm\u00e9ny&#8221; c\u00edmet viselhet, amely alapj\u00e1n az \u00c9csi Pet\u0151fi S\u00e1ndor \u00c1ltal\u00e1nos Iskola \u00e9s AMI referenciaint\u00e9zm\u00e9nyk\u00e9nt m\u0171k\u00f6dhet az al\u00e1bbi ter\u00fcleten:<\/p>\n<ul>\n<li style=\"text-align: justify;\">Kompetencia alap\u00fa nevel\u00e9si, oktat\u00e1si programot \u00e1tfog\u00f3an, mintaad\u00f3an alkalmaz\u00f3 int\u00e9zm\u00e9ny. A referencia ter\u00fclethez kapcsol\u00f3d\u00f3 j\u00f3 gyakorlatunk &#8222;Az IKT alkalmaz\u00e1sa a tanul\u00f3k term\u00e9szettudom\u00e1nyos gondolkod\u00e1s\u00e1nak fejleszt\u00e9s\u00e9ben.&#8221;<\/li>\n<\/ul>\n<p style=\"text-align: justify;\">Tov\u00e1bbi j\u00f3 gyakorlataink:<\/p>\n<ul>\n<li style=\"text-align: justify;\">Rajzolni j\u00f3 \u2013 kreativit\u00e1sfejleszt\u00e9s az \u00e1ltal\u00e1nos iskolai vizu\u00e1lis kult\u00fara ter\u00fclet\u00e9n bel\u00fcl<\/li>\n<li style=\"text-align: justify;\">Unalom\u0171z\u0151 \u2013 ny\u00e1ri napk\u00f6zis t\u00e1bor<\/li>\n<li style=\"text-align: justify;\">M\u0171velts\u00e9gi vet\u00e9lked\u0151 fels\u0151 tagozatos tanul\u00f3knak<\/li>\n<li style=\"text-align: justify;\">M\u00faltid\u00e9z\u0151 4*4 \u2013 t\u00f6rt\u00e9nelmi vet\u00e9lked\u0151<\/li>\n<\/ul>\n<p style=\"text-align: justify;\">Int\u00e9zm\u00e9ny\u00fcnk megfelel\u0151 infrastrukt\u00far\u00e1val, eszk\u00f6zrendszerrel rendelkezik a j\u00f3 gyakorlatok m\u0171k\u00f6dtet\u00e9s\u00e9hez, bemutat\u00e1s\u00e1hoz. Tantest\u00fclet\u00fcnk egy r\u00e9sze m\u00f3dszertanilag felk\u00e9sz\u00fclt a bels\u0151 k\u00e9pz\u00e9sek megtart\u00e1s\u00e1ra, bemutat\u00f3kra is. Iskol\u00e1nk innovat\u00edv jelleg\u00e9t mutatj\u00e1k versenyeredm\u00e9nyeink, tov\u00e1bbtanul\u00e1si mutat\u00f3ink, kompetenciam\u00e9r\u00e9si eredm\u00e9nyeink.<\/p>\n<p style=\"text-align: justify;\">Sz\u00e9lesed\u0151 oktat\u00e1si kapcsolatrendszer\u00fcnk is el\u0151seg\u00edti munk\u00e1nk eredm\u00e9nyess\u00e9g\u00e9nek k\u00f6zvet\u00edt\u00e9s\u00e9t.<\/p>\n<p style=\"text-align: justify;\">Iskol\u00e1nk regisztr\u00e1lt a Tehets\u00e9gpont-h\u00e1l\u00f3zat Online rendszer\u00e9be (tehets\u00e9ggondoz\u00e1s az \u00f6kol\u00f3gia, a vizu\u00e1lis nevel\u00e9s, a matematika \u00e9s a sport ter\u00fclet\u00e9n), amely tov\u00e1bbi lehet\u0151s\u00e9get teremt a nevel\u00e9si- oktat\u00e1si int\u00e9zm\u00e9nyekkel t\u00f6rt\u00e9n\u0151 egy\u00fcttm\u0171k\u00f6d\u00e9sre; seg\u00edti a p\u00e1ly\u00e1zatok figyelemmel k\u00eds\u00e9r\u00e9s\u00e9t, r\u00e9szv\u00e9telt azokban a p\u00e1ly\u00e1zatokban, amelyek a tehets\u00e9ges gyerekekkel t\u00f6rt\u00e9n\u0151 foglakoz\u00e1sokat t\u00e1mogatj\u00e1k.<\/p>\n<p style=\"text-align: justify;\">2014. december 13-\u00e1n vehett\u00fck \u00e1t \u00f6koiskolai c\u00edm\u00fcnket, miut\u00e1n a szeptemberi p\u00e1ly\u00e1zatunk sikeres lett. Ehhez a p\u00e1ly\u00e1zathoz nagyon sok k\u00f6rnyezettudatos programnak kell megfeleln\u00fcnk: megkezdt\u00fck a szelekt\u00edv hullad\u00e9kgy\u0171jt\u00e9st, fel\u00e1ll\u00edtottuk az \u00f6ko-munkacsoportot, iskolai gyakorl\u00f3kertet hoztunk l\u00e9tre.<\/p>\n<p style=\"text-align: justify;\">A Nemzeti Fejleszt\u00e9si Miniszt\u00e9rium k\u00f6zleked\u00e9sre nevel\u00e9si programj\u00e1nak megval\u00f3s\u00edt\u00e1sa &#8211; a k\u00f6z\u00fati k\u00f6zleked\u00e9s biztons\u00e1g\u00e1t szolg\u00e1l\u00f3 k\u00f6znevel\u00e9si int\u00e9zm\u00e9nyi nevel\u00e9si tev\u00e9kenys\u00e9g &#8211; 1. fordul\u00f3 c\u00edmmel p\u00e1ly\u00e1zatot hirdetett a Klebelsberg Int\u00e9zm\u00e9nyfenntart\u00f3 K\u00f6zpont, mint fenntart\u00f3, a 2014. \u00e9vi K\u00f6z\u00fati K\u00f6zleked\u00e9sbiztons\u00e1gi Akci\u00f3program \u00e9s Int\u00e9zked\u00e9si Terv keret\u00e9ben. A p\u00e1ly\u00e1zat c\u00e9lja az \u00e1ltal\u00e1nos iskol\u00e1k t\u00e1mogat\u00e1sa olyan k\u00f6zleked\u00e9sbiztons\u00e1gi program megval\u00f3s\u00edt\u00e1s\u00e1ban, melyek alkalmasak a tanul\u00f3k \u00e9s a sz\u00fcl\u0151k egy\u00fcttes megsz\u00f3l\u00edt\u00e1s\u00e1ra, a legfontosabb k\u00f6zleked\u00e9sbiztons\u00e1gi ismeretek sz\u00e9les k\u00f6rben t\u00f6rt\u00e9n\u0151 terjeszt\u00e9s\u00e9re a p\u00e1ly\u00e1zat id\u0151szak\u00e1ban, a 2014\/2015-\u00f6s tan\u00e9v II. fel\u00e9ben.<\/p>\n<p style=\"text-align: justify;\">Sikeresen lebonyol\u00edtottuk a sz\u00fcl\u0151-gyermek k\u00f6zleked\u00e9sbiztons\u00e1gi foglalkoz\u00e1st, elv\u00e9gezt\u00fck a k\u00f6zleked\u00e9sbiztons\u00e1gi monitoring felm\u00e9r\u00e9st \u00e9s felt\u00f6lt\u00f6tt\u00fck a szakmai p\u00e1ly\u00e1zatunkat, \u00edgy a p\u00e1ly\u00e1zat 1. fordul\u00f3j\u00e1ban int\u00e9zm\u00e9ny\u00fcnk 193.680 Ft-ot nyert. Ezen az \u00f6sszegen irodaszereket \u00e9s kis\u00e9rt\u00e9k\u0171 k\u00f6zleked\u00e9sbiztons\u00e1gi demonstr\u00e1ci\u00f3s eszk\u00f6z\u00f6ket (KRESZ-t\u00e1bl\u00e1k) tudtunk v\u00e1s\u00e1rolni. Ezek az eszk\u00f6z\u00f6k a tan\u00edt\u00e1s-tanul\u00e1si folyamatokban seg\u00edtik a pedag\u00f3gusok munk\u00e1j\u00e1t, a k\u00f6zleked\u00e9si ismeretek megtan\u00edt\u00e1s\u00e1ban \u00e9s gyakorlatban val\u00f3 alkalmaz\u00e1s\u00e1ban.<\/p>\n<p style=\"text-align: justify;\">A magas sz\u00ednvonal\u00fa oktat\u00f3-nevel\u0151 munka mellett nagy hangs\u00falyt fektet\u00fcnk a nevel\u00e9sre is. C\u00e9lunk, hogy szil\u00e1rd alapm\u0171velts\u00e9get, biztos alapk\u00e9szs\u00e9get ny\u00fajtsunk tanul\u00f3inknak. 2016-ban a Hat\u00e1rtalanul p\u00e1ly\u00e1zat keret\u00e9ben 7. oszt\u00e1lyos tanul\u00f3ink r\u00e9szt vettek egy felvid\u00e9ki kir\u00e1ndul\u00e1son, amelynek c\u00e9lja a hat\u00e1ron t\u00fali iskol\u00e1kkal val\u00f3 kapcsolatnak az \u00e1pol\u00e1sa, a t\u00f6rt\u00e9nelmi Magyarorsz\u00e1g ter\u00fclet\u00e9nek megismer\u00e9se.<br \/>\nA 2016-17-es tan\u00e9vet eredm\u00e9nyesen z\u00e1rtuk, ezt mutatj\u00e1k a kompetenciam\u00e9r\u00e9seink \u00e9s tov\u00e1bbtanul\u00e1si mutat\u00f3ink is.<\/p>\n<p><a href=\"index.php?option=com_phocagallery&amp;view=categories&amp;Itemid=29\">Tov\u00e1bbi k\u00e9pek a gal\u00e9ri\u00e1ban<\/a><\/p>\n<p>&nbsp;<\/p>\n<p>&nbsp;<\/p>\n<p>2011-10-03 07:31:22<\/p>\n","protected":false},"excerpt":{"rendered":"<p>Jelenlegi helyzetelemz\u00e9s: Az int\u00e9zm\u00e9ny neve, szerkezete Az int\u00e9zm\u00e9ny neve: \u00c9csi Pet\u0151fi S\u00e1ndor \u00c1ltal\u00e1nos Iskola \u00e9s Alapfok\u00fa M\u0171v\u00e9szeti Iskola Az int\u00e9zm\u00e9ny sz\u00e9khelye: 9083 \u00c9cs, Kossuth u. 41. Tel\/fax.: 96 \/ 473-069 E-mail: ecsiskola@gmail.com Tagint\u00e9zm\u00e9nyek: \u00c9csi Pet\u0151fi S\u00e1ndor \u00c1ltal\u00e1nos Iskola \u00e9s Alapfok\u00fa [&hellip;]<\/p>\n","protected":false},"author":1,"featured_media":0,"parent":0,"menu_order":0,"comment_status":"closed","ping_status":"closed","template":"","meta":{"ngg_post_thumbnail":0,"footnotes":""},"_links":{"self":[{"href":"https:\/\/ecsiskola.hu\/web\/wp-json\/wp\/v2\/pages\/78"}],"collection":[{"href":"https:\/\/ecsiskola.hu\/web\/wp-json\/wp\/v2\/pages"}],"about":[{"href":"https:\/\/ecsiskola.hu\/web\/wp-json\/wp\/v2\/types\/page"}],"author":[{"embeddable":true,"href":"https:\/\/ecsiskola.hu\/web\/wp-json\/wp\/v2\/users\/1"}],"replies":[{"embeddable":true,"href":"https:\/\/ecsiskola.hu\/web\/wp-json\/wp\/v2\/comments?post=78"}],"version-history":[{"count":7,"href":"https:\/\/ecsiskola.hu\/web\/wp-json\/wp\/v2\/pages\/78\/revisions"}],"predecessor-version":[{"id":1287,"href":"https:\/\/ecsiskola.hu\/web\/wp-json\/wp\/v2\/pages\/78\/revisions\/1287"}],"wp:attachment":[{"href":"https:\/\/ecsiskola.hu\/web\/wp-json\/wp\/v2\/media?parent=78"}],"curies":[{"name":"wp","href":"https:\/\/api.w.org\/{rel}","templated":true}]}}