{"id":80,"date":"2024-01-17T17:31:28","date_gmt":"2024-01-17T16:31:28","guid":{"rendered":"https:\/\/ecsiskola.hu\/web\/?page_id=80"},"modified":"2024-01-18T19:44:03","modified_gmt":"2024-01-18T18:44:03","slug":"szekhelyintezmeny-ecs-2007-ig","status":"publish","type":"page","link":"https:\/\/ecsiskola.hu\/web\/szekhelyintezmeny-ecs-2007-ig\/","title":{"rendered":"Sz\u00e9khelyint\u00e9zm\u00e9ny \u00c9cs 2007-ig"},"content":{"rendered":"<p><strong>Id\u0151rendi \u00e1ttekint\u00e9s &#8211; fejl\u0151d\u00e9st\u00f6rt\u00e9net<\/strong><\/p>\n<p style=\"text-align: justify;\">Iskol\u00e1nkr\u00f3l 1863-t\u00f3l maradt fenn az els\u0151 \u00edr\u00e1sos eml\u00e9k, latin nyelven. Az 1887-ben megnyitott hitk\u00f6zs\u00e9gi iskolasz\u00e9ki \u00e9s tantest\u00fcleti gy\u0171l\u00e9sek jegyz\u0151k\u00f6nyve m\u00e1r folyamatosan r\u00f6gz\u00edti a templom \u00fcgyei mellett az iskola t\u00f6rt\u00e9net\u00e9t is. Az 1907\/1908. \u00e9vi statisztika 467 tanul\u00f3t eml\u00edt.<\/p>\n<p><img loading=\"lazy\" decoding=\"async\" class=\"size-full wp-image-284 aligncenter\" src=\"https:\/\/ecsiskola.hu\/web\/wp-content\/uploads\/2024\/01\/szekhely-intezmeny-ecs0.jpg\" alt=\"\" width=\"442\" height=\"229\" srcset=\"https:\/\/ecsiskola.hu\/web\/wp-content\/uploads\/2024\/01\/szekhely-intezmeny-ecs0.jpg 442w, https:\/\/ecsiskola.hu\/web\/wp-content\/uploads\/2024\/01\/szekhely-intezmeny-ecs0-300x155.jpg 300w\" sizes=\"(max-width: 442px) 100vw, 442px\" \/><\/p>\n<p style=\"text-align: justify;\">A falu oktat\u00e1s\u00fcgy\u00e9nek fejl\u0151d\u00e9s\u00e9ben jelent\u0151s esem\u00e9nyek t\u00f6rt\u00e9ntek az 1940-es \u00e9vekben. A tantest\u00fclet \u00faj tagjai az Isteni Megv\u00e1lt\u00f3 L\u00e1nyai Szerzetesrend tan\u00edt\u00f3n\u0151i. Megkezd\u0151dik a tan\u00edt\u00e1s a z\u00e1rdaiskol\u00e1ban, amely a Szent Istv\u00e1n nevet vette fel a felszentel\u00e9skor. Az oktat\u00e1s \u00e9s a falu k\u00f6zm\u0171vel\u0151d\u00e9s\u00e9nek helyzet\u00e9ben d\u00f6nt\u0151 v\u00e1ltoz\u00e1st hozott az 1948. \u00e9v, az \u00e1llamos\u00edt\u00e1s \u00e9ve. A z\u00e1rdaiskola \u00e1llamos\u00edt\u00e1sa bonyodalmat okozott, melynek oka az volt, hogy a z\u00e1rdaiskola k\u00e1poln\u00e1ja tulajdonk\u00e9ppen az \u00f3voda terme volt, a terem v\u00e9g\u00e9n s\u00ednen mozg\u00f3 ajt\u00f3val elz\u00e1rt olt\u00e1rral. A k\u00e1polna viszont a helyb\u00e9li h\u00edv\u0151k sz\u00e1m\u00e1ra a templom szerep\u00e9t t\u00f6lt\u00f6tte be. Teh\u00e1t eg\u00e9sz h\u00e9ten \u00e1t nevel\u00e9si-oktat\u00e1si c\u00e9lt szolg\u00e1lt, vas\u00e1rnap \u00e9s \u00fcnnepen istentisztelet helye volt. Mint oktat\u00e1si c\u00e9lt szolg\u00e1l\u00f3 helyis\u00e9get \u00e1llamos\u00edthatt\u00e1k, mint templomot nem. (Megjegyz\u00e9s: Az iskolai k\u00e1polna teremben a mai napig istentisztelet tartanak vas\u00e1r- \u00e9s \u00fcnnepnapokon.)<\/p>\n<p style=\"text-align: justify;\">Az 1960-70-es \u00e9vekben a k\u00f6zs\u00e9gi iskola h\u00e1rom k\u00fcl\u00f6n \u00e9p\u00fcletben, h\u00e1rom k\u00fcl\u00f6nb\u00f6z\u0151 helyen m\u0171k\u00f6d\u00f6tt. Az 1970-es \u00e9vek k\u00f6zep\u00e9n az \u00e1llamigazgat\u00e1s \u2013 a centraliz\u00e1l\u00e1s jegy\u00e9ben \u2013 nemcsak k\u00f6zs\u00e9geket vont \u00f6ssze vagy csatolt v\u00e1rosokhoz, hanem iskol\u00e1kat is k\u00f6rzetes\u00edtett. \u00cdgy 1974-ben az \u00e9csi iskol\u00e1t az els\u0151k k\u00f6z\u00f6tt vont\u00e1k \u00f6ssze a k\u00f6rny\u00e9k iskol\u00e1ival. Az iskola pedag\u00f3giai \u00f6n\u00e1ll\u00f3s\u00e1ga m\u00e9g egy ideig megmaradt, de a k\u00f6zs\u00e9gek \u00e9s az int\u00e9zm\u00e9ny sz\u00e9khelye Pannonhalma lett. Az iskol\u00e1k szakmai, pedag\u00f3giai vezet\u00e9s\u00e9t a pannonhalmi K\u00f6zponti \u00c1ltal\u00e1nos Iskola igazgat\u00f3ja l\u00e1tta el, a tagiskol\u00e1k vezet\u0151i igazgat\u00f3helyettesek lettek.<\/p>\n<p>&nbsp;<\/p>\n<p><img loading=\"lazy\" decoding=\"async\" class=\"size-full wp-image-285 aligncenter\" src=\"https:\/\/ecsiskola.hu\/web\/wp-content\/uploads\/2024\/01\/szekhely-intezmeny-ecs1.png\" alt=\"\" width=\"374\" height=\"241\" srcset=\"https:\/\/ecsiskola.hu\/web\/wp-content\/uploads\/2024\/01\/szekhely-intezmeny-ecs1.png 374w, https:\/\/ecsiskola.hu\/web\/wp-content\/uploads\/2024\/01\/szekhely-intezmeny-ecs1-300x193.png 300w\" sizes=\"(max-width: 374px) 100vw, 374px\" \/><\/p>\n<p style=\"text-align: justify;\">Az 1980-as \u00e9vek v\u00e9g\u00e9n az orsz\u00e1gban, \u00edgy a megy\u00e9ben is m\u00e1r \u00e9rz\u0151d\u00f6tt a politikai \u00e9s k\u00f6zigazgat\u00e1si v\u00e1ltoz\u00e1sok lehet\u0151s\u00e9ge, s \u00edgy siker\u00fclt 1989. febru\u00e1r 1-\u00e9n megsz\u00fcntetni a tagiskolai st\u00e1tuszt. Iskol\u00e1nk visszakapta \u00f6n\u00e1ll\u00f3s\u00e1g\u00e1t. Az int\u00e9zm\u00e9ny sokat v\u00e1ltozott, fejl\u0151d\u00f6tt az elm\u00falt \u00e9vtizedben k\u00fcls\u0151leg, \u00e9s tartalomban egyar\u00e1nt.<\/p>\n<p style=\"text-align: justify;\">A 90-es \u00e9vek elej\u00e9n \u00faj iskola\u00e9p\u00fclet ker\u00fclt a r\u00e9gi mell\u00e9, \u00edgy megsz\u0171nhetett a t\u00f6bb helyen t\u00f6rt\u00e9n\u0151 tan\u00edt\u00e1s, minden \u00e9vfolyam egy \u00e9p\u00fcletbe ker\u00fclt. Az iskol\u00e1hoz kapcsolva l997 \u0151sz\u00e9n k\u00e9sz\u00fclt el a tornaterem&nbsp; a haszn\u00e1latbav\u00e9telhez legsz\u00fcks\u00e9gesebb eszk\u00f6z\u00f6kkel felszerelve, lel\u00e1t\u00f3val, amely a versenyek, rendezv\u00e9nyek kultur\u00e1lt megtekint\u00e9s\u00e9t teszi lehet\u0151v\u00e9.<\/p>\n<p style=\"text-align: justify;\">A tornacsarnokhoz a vizesblokk \u00e1tad\u00e1sa 2001 \u00e1prilis\u00e1ban t\u00f6rt\u00e9nt meg.<\/p>\n<p style=\"text-align: justify;\"><img loading=\"lazy\" decoding=\"async\" class=\"wp-image-286 aligncenter\" src=\"https:\/\/ecsiskola.hu\/web\/wp-content\/uploads\/2024\/01\/szekhely-intezmeny-ecs3.jpg\" alt=\"\" width=\"450\" height=\"338\" srcset=\"https:\/\/ecsiskola.hu\/web\/wp-content\/uploads\/2024\/01\/szekhely-intezmeny-ecs3.jpg 639w, https:\/\/ecsiskola.hu\/web\/wp-content\/uploads\/2024\/01\/szekhely-intezmeny-ecs3-300x225.jpg 300w\" sizes=\"(max-width: 450px) 100vw, 450px\" \/><\/p>\n<p style=\"text-align: justify;\"><img loading=\"lazy\" decoding=\"async\" class=\"wp-image-287 aligncenter\" src=\"https:\/\/ecsiskola.hu\/web\/wp-content\/uploads\/2024\/01\/szekhely-intezmeny-ecs4.jpg\" alt=\"\" width=\"451\" height=\"339\"><\/p>\n<p style=\"text-align: justify;\">&nbsp;Iskol\u00e1nk 2000. m\u00e1rcius 15-\u00e9n a Pet\u0151fi S\u00e1ndor \u00c1ltal\u00e1nos Iskola&nbsp; nevet vette fel. Az \u00e9p\u00fcleten bel\u00fcl, a tantermek \u00e9s a folyos\u00f3k falain -eszt\u00e9tikus kivitelben- szeml\u00e9ltet\u0151eszk\u00f6z\u00f6k, tabl\u00f3k, k\u00e9pek tal\u00e1lhat\u00f3k, melyek tanul\u00f3ink ismereteit b\u0151v\u00edtik, illetve az \u00e1ltaluk k\u00e9sz\u00edtett munk\u00e1k p\u00e9ldak\u00e9nt szolg\u00e1lnak tanul\u00f3t\u00e1rsaik sz\u00e1m\u00e1ra. Az iskola udvar\u00e1n&nbsp; szabadt\u00e9ri j\u00e1t\u00e9kok teszik lehet\u0151v\u00e9, hogy j\u00f3 id\u0151ben ott j\u00e1tszhatnak di\u00e1kjaink.<\/p>\n<p style=\"text-align: justify;\"><img loading=\"lazy\" decoding=\"async\" class=\"wp-image-288 aligncenter\" src=\"https:\/\/ecsiskola.hu\/web\/wp-content\/uploads\/2024\/01\/szekhely-intezmeny-ecs5.jpg\" alt=\"\" width=\"503\" height=\"352\" srcset=\"https:\/\/ecsiskola.hu\/web\/wp-content\/uploads\/2024\/01\/szekhely-intezmeny-ecs5.jpg 640w, https:\/\/ecsiskola.hu\/web\/wp-content\/uploads\/2024\/01\/szekhely-intezmeny-ecs5-300x210.jpg 300w\" sizes=\"(max-width: 503px) 100vw, 503px\" \/><\/p>\n<p style=\"text-align: justify;\"><img loading=\"lazy\" decoding=\"async\" class=\"wp-image-289 aligncenter\" src=\"https:\/\/ecsiskola.hu\/web\/wp-content\/uploads\/2024\/01\/szekhely-intezmeny-ecs6.jpg\" alt=\"\" width=\"498\" height=\"376\" srcset=\"https:\/\/ecsiskola.hu\/web\/wp-content\/uploads\/2024\/01\/szekhely-intezmeny-ecs6.jpg 635w, https:\/\/ecsiskola.hu\/web\/wp-content\/uploads\/2024\/01\/szekhely-intezmeny-ecs6-300x226.jpg 300w\" sizes=\"(max-width: 498px) 100vw, 498px\" \/><\/p>\n<p style=\"text-align: justify;\">2006. \u00e9v szeptember\u00e9t\u0151l int\u00e9zm\u00e9ny\u00fcnk az \u00f3vod\u00e1val kib\u0151v\u00fclve, t\u00f6bbc\u00e9l\u00fa k\u00f6z\u00f6s igazgat\u00e1s\u00fa k\u00f6zoktat\u00e1si int\u00e9zm\u00e9nyk\u00e9nt Pet\u0151fi S\u00e1ndor \u00c1ltal\u00e1nos Iskola \u00e9s \u00d3voda n\u00e9ven m\u0171k\u00f6d\u00f6tt.. A korszer\u0171 tantermek mellett felszerelt szaktanterem, sz\u00e1m\u00edt\u00e1stechnika terem, nyelvi terem seg\u00edti a tanul\u00f3k oktat\u00e1s\u00e1t. Szabadidej\u00fcket t\u00e1gas, m\u00e9rk\u0151z\u00e9sekre, versenyekre alkalmas tornateremben t\u00f6lthetik el. Napk\u00f6zis ell\u00e1t\u00e1st ig\u00e9nyelhetnek tanul\u00f3ink, iskolai \u00e9tkeztet\u00e9s\u00fcnket meleg\u00edt\u0151konyha kialak\u00edt\u00e1s\u00e1val oldottuk meg.<\/p>\n<p style=\"text-align: justify;\"><img loading=\"lazy\" decoding=\"async\" class=\"wp-image-290 aligncenter\" src=\"https:\/\/ecsiskola.hu\/web\/wp-content\/uploads\/2024\/01\/szekhely-intezmeny-ecs7.jpg\" alt=\"\" width=\"511\" height=\"384\"><\/p>\n<p>&nbsp;<\/p>\n<p style=\"text-align: justify;\"><img loading=\"lazy\" decoding=\"async\" class=\"wp-image-291 aligncenter\" src=\"https:\/\/ecsiskola.hu\/web\/wp-content\/uploads\/2024\/01\/szekhely-intezmeny-ecs8.jpg\" alt=\"\" width=\"507\" height=\"381\"><\/p>\n<p style=\"text-align: justify;\">Int\u00e9zm\u00e9ny\u00fcnk egyh\u00e1zi m\u00faltja ellen\u00e9re \u00f6nkorm\u00e1nyzati \u00e1ltal\u00e1nos iskola maradt, de k\u00fcl\u00f6nlegess\u00e9ge, hogy egyik f\u00f6ldszinti tanterm\u00fcnkben a mai napig fennmaradt az olt\u00e1r, s vas\u00e1r- \u00e9s \u00fcnnepnapokon a tanterem k\u00e1poln\u00e1v\u00e1 alakul, ahol a k\u00f6rny\u00e9ken lak\u00f3k szertart\u00e1son vehetnek r\u00e9szt.<\/p>\n<p style=\"text-align: justify;\">2007. \u00e9v augusztus\u00e1ban int\u00e9zm\u00e9ny\u00fcnkben ism\u00e9t nagy v\u00e1ltoz\u00e1s t\u00f6rt\u00e9nt. A nevel\u00e9s- oktat\u00e1s ism\u00e9t t\u00f6bb telephelyre ker\u00fclt, k\u00f6zs\u00e9g\u00fcnk int\u00e9zm\u00e9nyeinek \u00e9s a szomsz\u00e9dos Ravazd k\u00f6zs\u00e9g iskol\u00e1j\u00e1nak, \u00f3vod\u00e1j\u00e1nak integr\u00e1l\u00e1sa miatt.<br \/>\nA sz\u00e9khelyint\u00e9zm\u00e9nyhez tagiskolak\u00e9nt kapcsol\u00f3dik a ravazdi iskola 1-4. \u00e9vfolyama, telephelyk\u00e9nt az \u00e9csi iskola 1-4. \u00e9vfolyama (sz\u00fcks\u00e9gtantermekben kapott helyet a helyi M\u0171vel\u0151d\u00e9si H\u00e1zban) \u00e9s tag\u00f3vodak\u00e9nt kapcsol\u00f3dik a k\u00e9t telep\u00fcl\u00e9s integr\u00e1lt \u00f3vod\u00e1ja k\u00e9t telephelyen.<\/p>\n<p><strong>&nbsp;<\/strong><\/p>\n<p><strong>K\u00f6nyvt\u00e1r<\/strong><\/p>\n<p style=\"text-align: justify;\">K\u00f6nyvt\u00e1runk 2002 \u00f3ta \u00e1ll jelenlegi form\u00e1j\u00e1ban &#8211; a telep\u00fcl\u00e9s M\u0171vel\u0151d\u00e9si h\u00e1z\u00e1ban &#8211; az olvas\u00f3k rendelkez\u00e9s\u00e9re. Kor\u00e1bban l\u00e9tezett egy k\u00f6zs\u00e9gi k\u00f6nyvt\u00e1r, amely azonban m\u00e1r \u00e9vek \u00f3ta nem m\u0171k\u00f6d\u00f6tt, \u00e9s egy iskolai k\u00f6nyvt\u00e1r, amely szekr\u00e9nyes \u00e1llom\u00e1ny volt. Felvet\u0151d\u00f6tt, hogy a kett\u0151 \u00f6sszevon\u00e1s\u00e1val egy minden ig\u00e9nyt kiel\u00e9g\u00edt\u0151, kiv\u00e1l\u00f3 k\u00f6nyvt\u00e1rat tudn\u00e1nk l\u00e9trehozni.<\/p>\n<p style=\"text-align: justify;\">Az \u00e1tszervez\u00e9sre 2002-2003-ban ker\u00fclt sor, ekkor az iskolai \u00e9s a k\u00f6zs\u00e9gi k\u00f6nyvt\u00e1rat \u00f6sszevontuk, az\u00f3ta integr\u00e1lt k\u00f6nyvt\u00e1rk\u00e9nt m\u0171k\u00f6dik. \u00c9cs K\u00f6zs\u00e9gi \u00e9s Iskolai K\u00f6nyvt\u00e1r n\u00e9ven. Az int\u00e9zm\u00e9ny kett\u0151s funkci\u00f3j\u00fa: egyar\u00e1nt kiszolg\u00e1lja a feln\u0151tt koroszt\u00e1lyt \u00e9s a tanul\u00f3kat is. A feln\u0151tt sz\u00e9pirodalom \u00e9s szakirodalom mellett gy\u0171jti a k\u00f6telez\u0151 \u00e9s aj\u00e1nlott olvasm\u00e1nyokat, \u00e9s megkezd\u0151d\u00f6tt a helyismereti gy\u0171jtem\u00e9ny kialak\u00edt\u00e1sa is.<\/p>\n<p style=\"text-align: justify;\">Szerz\u0151d\u00e9s\u00fcnk van a Kisfaludy K\u00e1roly Megyei K\u00f6nyvt\u00e1rral, \u0151k v\u00e9gzik a k\u00f6nyvek feldolgoz\u00e1s\u00e1t. A k\u00f6lcs\u00f6nz\u00e9s mellett a k\u00f6nyvt\u00e1rban van inform\u00e1ci\u00f3-szolg\u00e1ltat\u00e1s, k\u00f6nyvt\u00e1ri \u00f3ra, k\u00fcl\u00f6nb\u00f6z\u0151 rendezv\u00e9nyek, vet\u00e9lked\u0151k. Rendelkez\u00fcnk sz\u00e1m\u00edt\u00f3g\u00e9pekkel, van internet-hozz\u00e1f\u00e9r\u00e9s, \u00e9s az informatikai rendszer egyre b\u0151v\u00fcl. Folyamatban van egy k\u00f6nyvt\u00e1ri sz\u00e1m\u00edt\u00f3g\u00e9pes program megv\u00e1s\u00e1rl\u00e1sa, amely nagyban megk\u00f6nny\u00edti majd a nyilv\u00e1ntart\u00e1st.<\/p>\n<p style=\"text-align: justify;\">2007-ben \u00faj b\u00fatorzatot kaptunk, \u00edgy m\u00e1r egy nagyon ig\u00e9nyes, sz\u00e9p k\u00f6rnyezet v\u00e1rja az olvas\u00f3kat. Jelenleg a k\u00f6nyvek sz\u00e1ma meghaladja az 5000 k\u00f6tetet, ezen k\u00edv\u00fcl vannak tart\u00f3s tank\u00f6nyvek, hangkazett\u00e1k, videokazett\u00e1k \u00e9s CD-k is.<\/p>\n<p style=\"text-align: justify;\">A beiratkozott olvas\u00f3k sz\u00e1ma 400 f\u0151 f\u00f6l\u00f6tt van, term\u00e9szetesen az akt\u00edv k\u00f6nyvt\u00e1rhaszn\u00e1l\u00f3 kevesebb. A k\u00f6vetkez\u0151 \u00e9vben visszakapjuk az olvas\u00f3termet is, \u00edgy m\u00e9g egy helyis\u00e9ggel b\u0151v\u00fcl int\u00e9zm\u00e9ny\u00fcnk. Tervezem egy filmklub elind\u00edt\u00e1s\u00e1t annak \u00e9rdek\u00e9ben, hogy a fiatalok hasznosan t\u00f6lts\u00e9k szabadidej\u00fcket.<\/p>\n<p style=\"text-align: justify;\"><img loading=\"lazy\" decoding=\"async\" class=\"wp-image-292 aligncenter\" src=\"https:\/\/ecsiskola.hu\/web\/wp-content\/uploads\/2024\/01\/szekhely-intezmeny-ecs9.jpg\" alt=\"\" width=\"368\" height=\"276\"><\/p>\n<p>&nbsp;<\/p>\n<p style=\"text-align: justify;\"><img loading=\"lazy\" decoding=\"async\" class=\"wp-image-293 aligncenter\" src=\"https:\/\/ecsiskola.hu\/web\/wp-content\/uploads\/2024\/01\/szekhely-intezmeny-ecs10.jpg\" alt=\"\" width=\"349\" height=\"262\" srcset=\"https:\/\/ecsiskola.hu\/web\/wp-content\/uploads\/2024\/01\/szekhely-intezmeny-ecs10.jpg 570w, https:\/\/ecsiskola.hu\/web\/wp-content\/uploads\/2024\/01\/szekhely-intezmeny-ecs10-300x225.jpg 300w\" sizes=\"(max-width: 349px) 100vw, 349px\" \/><\/p>\n<p style=\"text-align: justify;\"><strong>Nyitvatart\u00e1s:<\/strong><br \/>\nH\u00e9tf\u0151: 14.30 \u2013 16.30 \u00f3r\u00e1ig<br \/>\nCs\u00fct\u00f6rt\u00f6k: 17.00 \u2013 19.00 \u00f3r\u00e1ig<\/p>\n<p style=\"text-align: justify;\">Szeretettel l\u00e1tunk minden \u00e9rdekl\u0151d\u0151t, olvasni v\u00e1gy\u00f3t!<\/p>\n<p><a href=\"index.php?option=com_phocagallery&amp;view=categories&amp;Itemid=29\">Tov\u00e1bbi k\u00e9pek a gal\u00e9ri\u00e1ban<\/a><\/p>\n<p style=\"text-align: justify;\"><strong>&nbsp;<\/strong><\/p>\n","protected":false},"excerpt":{"rendered":"<p>Id\u0151rendi \u00e1ttekint\u00e9s &#8211; fejl\u0151d\u00e9st\u00f6rt\u00e9net Iskol\u00e1nkr\u00f3l 1863-t\u00f3l maradt fenn az els\u0151 \u00edr\u00e1sos eml\u00e9k, latin nyelven. Az 1887-ben megnyitott hitk\u00f6zs\u00e9gi iskolasz\u00e9ki \u00e9s tantest\u00fcleti gy\u0171l\u00e9sek jegyz\u0151k\u00f6nyve m\u00e1r folyamatosan r\u00f6gz\u00edti a templom \u00fcgyei mellett az iskola t\u00f6rt\u00e9net\u00e9t is. Az 1907\/1908. \u00e9vi statisztika 467 tanul\u00f3t [&hellip;]<\/p>\n","protected":false},"author":1,"featured_media":0,"parent":0,"menu_order":0,"comment_status":"closed","ping_status":"closed","template":"","meta":{"ngg_post_thumbnail":0,"footnotes":""},"_links":{"self":[{"href":"https:\/\/ecsiskola.hu\/web\/wp-json\/wp\/v2\/pages\/80"}],"collection":[{"href":"https:\/\/ecsiskola.hu\/web\/wp-json\/wp\/v2\/pages"}],"about":[{"href":"https:\/\/ecsiskola.hu\/web\/wp-json\/wp\/v2\/types\/page"}],"author":[{"embeddable":true,"href":"https:\/\/ecsiskola.hu\/web\/wp-json\/wp\/v2\/users\/1"}],"replies":[{"embeddable":true,"href":"https:\/\/ecsiskola.hu\/web\/wp-json\/wp\/v2\/comments?post=80"}],"version-history":[{"count":4,"href":"https:\/\/ecsiskola.hu\/web\/wp-json\/wp\/v2\/pages\/80\/revisions"}],"predecessor-version":[{"id":302,"href":"https:\/\/ecsiskola.hu\/web\/wp-json\/wp\/v2\/pages\/80\/revisions\/302"}],"wp:attachment":[{"href":"https:\/\/ecsiskola.hu\/web\/wp-json\/wp\/v2\/media?parent=80"}],"curies":[{"name":"wp","href":"https:\/\/api.w.org\/{rel}","templated":true}]}}