{"id":88,"date":"2024-01-17T17:49:35","date_gmt":"2024-01-17T16:49:35","guid":{"rendered":"https:\/\/ecsiskola.hu\/web\/?page_id=88"},"modified":"2025-11-17T14:40:06","modified_gmt":"2025-11-17T13:40:06","slug":"tanuloink","status":"publish","type":"page","link":"https:\/\/ecsiskola.hu\/web\/tanuloink\/","title":{"rendered":"Tanul\u00f3ink"},"content":{"rendered":"<p style=\"text-align: left;\">Tanul\u00f3i l\u00e9tsz\u00e1m: 296<\/p>\n<ul>\n<li style=\"text-align: left;\">\u00c9cs: 245<\/li>\n<li style=\"text-align: left;\">\u00c9cs als\u00f3 tagozat:96<\/li>\n<li style=\"text-align: left;\">\u00c9cs fels\u0151 tagozat: 149<\/li>\n<li style=\"text-align: left;\">Ravazd als\u00f3 tagozat: 51<\/li>\n<\/ul>\n<p>&nbsp;<\/p>\n","protected":false},"excerpt":{"rendered":"<p>Tanul\u00f3i l\u00e9tsz\u00e1m: 296 \u00c9cs: 245 \u00c9cs als\u00f3 tagozat:96 \u00c9cs fels\u0151 tagozat: 149 Ravazd als\u00f3 tagozat: 51 &nbsp;<\/p>\n","protected":false},"author":1,"featured_media":0,"parent":0,"menu_order":0,"comment_status":"closed","ping_status":"closed","template":"","meta":{"ngg_post_thumbnail":0,"footnotes":""},"_links":{"self":[{"href":"https:\/\/ecsiskola.hu\/web\/wp-json\/wp\/v2\/pages\/88"}],"collection":[{"href":"https:\/\/ecsiskola.hu\/web\/wp-json\/wp\/v2\/pages"}],"about":[{"href":"https:\/\/ecsiskola.hu\/web\/wp-json\/wp\/v2\/types\/page"}],"author":[{"embeddable":true,"href":"https:\/\/ecsiskola.hu\/web\/wp-json\/wp\/v2\/users\/1"}],"replies":[{"embeddable":true,"href":"https:\/\/ecsiskola.hu\/web\/wp-json\/wp\/v2\/comments?post=88"}],"version-history":[{"count":5,"href":"https:\/\/ecsiskola.hu\/web\/wp-json\/wp\/v2\/pages\/88\/revisions"}],"predecessor-version":[{"id":1330,"href":"https:\/\/ecsiskola.hu\/web\/wp-json\/wp\/v2\/pages\/88\/revisions\/1330"}],"wp:attachment":[{"href":"https:\/\/ecsiskola.hu\/web\/wp-json\/wp\/v2\/media?parent=88"}],"curies":[{"name":"wp","href":"https:\/\/api.w.org\/{rel}","templated":true}]}}