{"id":90,"date":"2024-01-17T17:51:30","date_gmt":"2024-01-17T16:51:30","guid":{"rendered":"https:\/\/ecsiskola.hu\/web\/?page_id=90"},"modified":"2025-11-18T08:45:32","modified_gmt":"2025-11-18T07:45:32","slug":"vegzos-tanuloink","status":"publish","type":"page","link":"https:\/\/ecsiskola.hu\/web\/vegzos-tanuloink\/","title":{"rendered":"V\u00e9gz\u0151s tanul\u00f3ink"},"content":{"rendered":"<ul style=\"font-size: 20px; line-height: 35px; margin-left: 20px;\">\n<li><a href=\"https:\/\/ecsiskola.hu\/web\/vegzos-tanuloink\/vezos-osztalyok-2025-2026\/\">2025\/2026 tan\u00e9v<\/a><\/li>\n<li><a href=\"https:\/\/ecsiskola.hu\/web\/vegzos-osztalyok-2024-2025\/\">\u00a02024\/2025 tan\u00e9v<\/a><\/li>\n<li><a href=\"https:\/\/ecsiskola.hu\/web\/vegzos-osztalyok-2023-2024\/\">\u00a02023\/2024 tan\u00e9v<\/a><\/li>\n<li><a href=\"https:\/\/ecsiskola.hu\/web\/vegzos-osztalyok-2022-2023\/\"><span style=\"text-decoration: underline;\">2022\/2023 tan\u00e9v<\/span><\/a><\/li>\n<li><a href=\"https:\/\/ecsiskola.hu\/web\/vegzos-osztalyok-2021-2022\/\"><span style=\"text-decoration: underline;\">2021\/2022 tan\u00e9v<\/span><\/a><\/li>\n<li><a href=\"https:\/\/ecsiskola.hu\/web\/vegzos-osztalyok-2020-2021\/\"><span style=\"text-decoration: underline;\">2020\/2021 tan\u00e9v<\/span><\/a><\/li>\n<li><a href=\"https:\/\/ecsiskola.hu\/web\/vegzos-tanuloink\/\">2019\/2020 tan\u00e9v<\/a><\/li>\n<li><span style=\"text-decoration: underline;\"><a href=\"https:\/\/ecsiskola.hu\/web\/vegzos-osztalyok-2018-2019\/\"><span style=\"text-decoration: underline;\">2018\/2019 tan\u00e9v<\/span><\/a><\/span><\/li>\n<li><a href=\"https:\/\/ecsiskola.hu\/web\/vegzos-osztalyok-2017-2018\/\">2017\/2018 tan\u00e9v<\/a><\/li>\n<li><a href=\"https:\/\/ecsiskola.hu\/web\/vegzos-osztalyok-2016-2017\/\">2016\/2017 tan\u00e9v<\/a><\/li>\n<li><a href=\"https:\/\/ecsiskola.hu\/web\/vegzos-osztalyok-2015-2016\/\">2015\/2016 tan\u00e9v<\/a><\/li>\n<li><a href=\"https:\/\/ecsiskola.hu\/web\/vegzos-osztalyok-2014-2015\/\">2014\/2015 tan\u00e9v<\/a><\/li>\n<li><a href=\"https:\/\/ecsiskola.hu\/web\/vegzos-osztalyok-2013-2014\/\">2013\/2014 tan\u00e9v<\/a><\/li>\n<li><a href=\"https:\/\/ecsiskola.hu\/web\/vegzos-osztalyok-2012-2013\/\">2012\/2013 tan\u00e9v<\/a><\/li>\n<li><a href=\"https:\/\/ecsiskola.hu\/web\/vegzos-osztalyok-2011-2012\/\">2011\/2012 tan\u00e9v<\/a><\/li>\n<li><a href=\"https:\/\/ecsiskola.hu\/web\/vegzos-osztalyok-2010-2011\/\">2010\/2011 tan\u00e9v<\/a><\/li>\n<li><a href=\"https:\/\/ecsiskola.hu\/web\/vegzos-osztalyok-2009-2010\/\">2009\/2010 tan\u00e9v<\/a><\/li>\n<li><a href=\"https:\/\/ecsiskola.hu\/web\/vegzos-osztalyok-2008-2009\/\">2008\/2009 tan\u00e9v<\/a><\/li>\n<li><a href=\"https:\/\/ecsiskola.hu\/web\/vegzos-osztalyok-2007-2008\/\">2007\/2008 tan\u00e9v<\/a><\/li>\n<\/ul>\n","protected":false},"excerpt":{"rendered":"<p>2025\/2026 tan\u00e9v \u00a02024\/2025 tan\u00e9v \u00a02023\/2024 tan\u00e9v 2022\/2023 tan\u00e9v 2021\/2022 tan\u00e9v 2020\/2021 tan\u00e9v 2019\/2020 tan\u00e9v 2018\/2019 tan\u00e9v 2017\/2018 tan\u00e9v 2016\/2017 tan\u00e9v 2015\/2016 tan\u00e9v 2014\/2015 tan\u00e9v 2013\/2014 tan\u00e9v 2012\/2013 tan\u00e9v 2011\/2012 tan\u00e9v 2010\/2011 tan\u00e9v 2009\/2010 tan\u00e9v 2008\/2009 tan\u00e9v 2007\/2008 tan\u00e9v<\/p>\n","protected":false},"author":1,"featured_media":0,"parent":0,"menu_order":0,"comment_status":"closed","ping_status":"closed","template":"","meta":{"ngg_post_thumbnail":0,"footnotes":""},"_links":{"self":[{"href":"https:\/\/ecsiskola.hu\/web\/wp-json\/wp\/v2\/pages\/90"}],"collection":[{"href":"https:\/\/ecsiskola.hu\/web\/wp-json\/wp\/v2\/pages"}],"about":[{"href":"https:\/\/ecsiskola.hu\/web\/wp-json\/wp\/v2\/types\/page"}],"author":[{"embeddable":true,"href":"https:\/\/ecsiskola.hu\/web\/wp-json\/wp\/v2\/users\/1"}],"replies":[{"embeddable":true,"href":"https:\/\/ecsiskola.hu\/web\/wp-json\/wp\/v2\/comments?post=90"}],"version-history":[{"count":21,"href":"https:\/\/ecsiskola.hu\/web\/wp-json\/wp\/v2\/pages\/90\/revisions"}],"predecessor-version":[{"id":1220,"href":"https:\/\/ecsiskola.hu\/web\/wp-json\/wp\/v2\/pages\/90\/revisions\/1220"}],"wp:attachment":[{"href":"https:\/\/ecsiskola.hu\/web\/wp-json\/wp\/v2\/media?parent=90"}],"curies":[{"name":"wp","href":"https:\/\/api.w.org\/{rel}","templated":true}]}}