{"id":920,"date":"2024-11-17T14:04:23","date_gmt":"2024-11-17T13:04:23","guid":{"rendered":"https:\/\/ecsiskola.hu\/web\/?page_id=920"},"modified":"2024-11-17T14:04:23","modified_gmt":"2024-11-17T13:04:23","slug":"vegzos-osztalyok-2023-2024","status":"publish","type":"page","link":"https:\/\/ecsiskola.hu\/web\/vegzos-osztalyok-2023-2024\/","title":{"rendered":"V\u00e9gz\u0151s oszt\u00e1lyok 2023\/2024"},"content":{"rendered":"<p style=\"text-align: center;\"><strong><span style=\"font-size: 14pt;\">2023\/2024<\/span><\/strong><\/p>\n<p style=\"text-align: center;\"><strong><span style=\"font-size: 14pt;\">8.oszt\u00e1ly<\/span><\/strong><\/p>\n<p style=\"text-align: center;\"><strong>Oszt\u00e1ly\u0151n\u00f6k: J\u00e1mbor L\u00e1szl\u00f3n\u00e9<\/strong><\/p>\n<p style=\"text-align: center;\">1. Baki Veronika<\/p>\n<p style=\"text-align: center;\">2 .Berghold Bendeg\u00faz<\/p>\n<p style=\"text-align: center;\">3. Czigler Hanna Rebeka<\/p>\n<p style=\"text-align: center;\">4. Di\u00f3szegi B\u00e1lint<\/p>\n<p style=\"text-align: center;\">5. Fridrik M\u00e1rton<\/p>\n<p style=\"text-align: center;\">6. Hal\u00e1sz Georgina<\/p>\n<p style=\"text-align: center;\">7. Horogh B\u00e1lint Krist\u00f3f<\/p>\n<p style=\"text-align: center;\">8. Horv\u00e1th Aur\u00e9l Noel<\/p>\n<p style=\"text-align: center;\">9. Horv\u00e1th Dzsenifer Krisztina<\/p>\n<p style=\"text-align: center;\">10. Horv\u00e1th Fanni<\/p>\n<p style=\"text-align: center;\">11. Kelemen Leon\u00e1rd<\/p>\n<p style=\"text-align: center;\">12. Kov\u00e1cs \u00c1rmin<\/p>\n<p style=\"text-align: center;\">13. Kromszi\u00e1n Oliv\u00e9r<\/p>\n<p style=\"text-align: center;\">14. M\u00e1j Gerg\u0151<\/p>\n<p style=\"text-align: center;\">15. Mogyor\u00f3ssy M\u00e1t\u00e9<\/p>\n<p style=\"text-align: center;\">16. Moln\u00e1r Adri\u00e1n Ervin<\/p>\n<p style=\"text-align: center;\">17. Nagy Lili Napsug\u00e1r<\/p>\n<p style=\"text-align: center;\">18. Nagy Zsombor P\u00e9ter<\/p>\n<p style=\"text-align: center;\">19. P\u00e1kozdi Bence Csan\u00e1d<\/p>\n<p style=\"text-align: center;\">20. S\u00e1ri \u00c1d\u00e1m<\/p>\n<p style=\"text-align: center;\">21. Szab\u00f3 Tamara<\/p>\n<p style=\"text-align: center;\">22. Tudor Csilla<\/p>\n","protected":false},"excerpt":{"rendered":"<p>2023\/2024 8.oszt\u00e1ly Oszt\u00e1ly\u0151n\u00f6k: J\u00e1mbor L\u00e1szl\u00f3n\u00e9 1. Baki Veronika 2 .Berghold Bendeg\u00faz 3. Czigler Hanna Rebeka 4. Di\u00f3szegi B\u00e1lint 5. Fridrik M\u00e1rton 6. Hal\u00e1sz Georgina 7. Horogh B\u00e1lint Krist\u00f3f 8. Horv\u00e1th Aur\u00e9l Noel 9. Horv\u00e1th Dzsenifer Krisztina 10. Horv\u00e1th Fanni 11. [&hellip;]<\/p>\n","protected":false},"author":2,"featured_media":0,"parent":0,"menu_order":0,"comment_status":"closed","ping_status":"closed","template":"","meta":{"ngg_post_thumbnail":0,"footnotes":""},"_links":{"self":[{"href":"https:\/\/ecsiskola.hu\/web\/wp-json\/wp\/v2\/pages\/920"}],"collection":[{"href":"https:\/\/ecsiskola.hu\/web\/wp-json\/wp\/v2\/pages"}],"about":[{"href":"https:\/\/ecsiskola.hu\/web\/wp-json\/wp\/v2\/types\/page"}],"author":[{"embeddable":true,"href":"https:\/\/ecsiskola.hu\/web\/wp-json\/wp\/v2\/users\/2"}],"replies":[{"embeddable":true,"href":"https:\/\/ecsiskola.hu\/web\/wp-json\/wp\/v2\/comments?post=920"}],"version-history":[{"count":3,"href":"https:\/\/ecsiskola.hu\/web\/wp-json\/wp\/v2\/pages\/920\/revisions"}],"predecessor-version":[{"id":923,"href":"https:\/\/ecsiskola.hu\/web\/wp-json\/wp\/v2\/pages\/920\/revisions\/923"}],"wp:attachment":[{"href":"https:\/\/ecsiskola.hu\/web\/wp-json\/wp\/v2\/media?parent=920"}],"curies":[{"name":"wp","href":"https:\/\/api.w.org\/{rel}","templated":true}]}}