{"id":96,"date":"2024-01-17T17:57:31","date_gmt":"2024-01-17T16:57:31","guid":{"rendered":"https:\/\/ecsiskola.hu\/web\/?page_id=96"},"modified":"2024-01-17T17:57:31","modified_gmt":"2024-01-17T16:57:31","slug":"csengetesi-rend","status":"publish","type":"page","link":"https:\/\/ecsiskola.hu\/web\/csengetesi-rend\/","title":{"rendered":"Csenget\u00e9si rend"},"content":{"rendered":"<p style=\"text-align: center;\">A tan\u00edt\u00e1si \u00f3r\u00e1k kezdet\u00e9t \u00e9s v\u00e9g\u00e9t cseng\u0151sz\u00f3 jelzi az al\u00e1bbiak szerint, minden telephelyen:<\/p>\n<p style=\"text-align: center;\">8.00 \u2013 8.45<br \/>\n8.55 \u2013 9.40<br \/>\n9.55 \u2013 10.40<br \/>\n10.55 \u2013 11.40<br \/>\n11.50 \u2013 12.35<br \/>\n12.45 \u2013 13.30<\/p>\n","protected":false},"excerpt":{"rendered":"<p>A tan\u00edt\u00e1si \u00f3r\u00e1k kezdet\u00e9t \u00e9s v\u00e9g\u00e9t cseng\u0151sz\u00f3 jelzi az al\u00e1bbiak szerint, minden telephelyen: 8.00 \u2013 8.45 8.55 \u2013 9.40 9.55 \u2013 10.40 10.55 \u2013 11.40 11.50 \u2013 12.35 12.45 \u2013 13.30<\/p>\n","protected":false},"author":1,"featured_media":0,"parent":0,"menu_order":0,"comment_status":"closed","ping_status":"closed","template":"","meta":{"ngg_post_thumbnail":0,"footnotes":""},"_links":{"self":[{"href":"https:\/\/ecsiskola.hu\/web\/wp-json\/wp\/v2\/pages\/96"}],"collection":[{"href":"https:\/\/ecsiskola.hu\/web\/wp-json\/wp\/v2\/pages"}],"about":[{"href":"https:\/\/ecsiskola.hu\/web\/wp-json\/wp\/v2\/types\/page"}],"author":[{"embeddable":true,"href":"https:\/\/ecsiskola.hu\/web\/wp-json\/wp\/v2\/users\/1"}],"replies":[{"embeddable":true,"href":"https:\/\/ecsiskola.hu\/web\/wp-json\/wp\/v2\/comments?post=96"}],"version-history":[{"count":1,"href":"https:\/\/ecsiskola.hu\/web\/wp-json\/wp\/v2\/pages\/96\/revisions"}],"predecessor-version":[{"id":97,"href":"https:\/\/ecsiskola.hu\/web\/wp-json\/wp\/v2\/pages\/96\/revisions\/97"}],"wp:attachment":[{"href":"https:\/\/ecsiskola.hu\/web\/wp-json\/wp\/v2\/media?parent=96"}],"curies":[{"name":"wp","href":"https:\/\/api.w.org\/{rel}","templated":true}]}}